{"id":3946,"date":"2025-09-18T17:41:08","date_gmt":"2025-09-18T15:41:08","guid":{"rendered":"https:\/\/35.156.17.119\/certificati\/"},"modified":"2025-12-03T13:09:52","modified_gmt":"2025-12-03T12:09:52","slug":"zertifikate","status":"publish","type":"page","link":"https:\/\/terra-spedition.de\/it\/zertifikate\/","title":{"rendered":"Certificati"},"content":{"rendered":"<p><div class=\"fusion-fullwidth fullwidth-box fusion-builder-row-1 fusion-flex-container has-pattern-background has-mask-background fusion-parallax-none nonhundred-percent-fullwidth non-hundred-percent-height-scrolling lazyload\" style=\"--link_hover_color: var(--awb-color5);--link_color: var(--awb-color4);--awb-background-position:left top;--awb-border-radius-top-left:0px;--awb-border-radius-top-right:0px;--awb-border-radius-bottom-right:0px;--awb-border-radius-bottom-left:0px;--awb-padding-top:60px;--awb-padding-bottom:60px;--awb-min-height:550px;--awb-background-color:hsla(var(--awb-color5-h),var(--awb-color5-s),calc(var(--awb-color5-l) + 48%),var(--awb-color5-a));--awb-background-size:contain;--awb-flex-wrap:wrap;\" data-bg=\"https:\/\/terra-spedition.de\/wp-content\/uploads\/2025\/09\/bg-oben-links.svg\" ><div class=\"fusion-builder-row fusion-row fusion-flex-align-items-flex-start fusion-flex-content-wrap\" style=\"max-width:calc( 1200px + 130px );margin-left: calc(-130px \/ 2 );margin-right: calc(-130px \/ 2 );\"><div class=\"fusion-layout-column fusion_builder_column fusion-builder-column-0 fusion_builder_column_3_4 3_4 fusion-flex-column fusion-flex-align-self-center\" style=\"--awb-bg-size:cover;--awb-width-large:75%;--awb-spacing-right-large:65px;--awb-margin-bottom-large:0px;--awb-spacing-left-large:65px;--awb-width-medium:50%;--awb-order-medium:0;--awb-spacing-right-medium:65px;--awb-spacing-left-medium:65px;--awb-width-small:100%;--awb-order-small:2;--awb-margin-top-small:80px;--awb-spacing-right-small:65px;--awb-spacing-left-small:65px;\"><div class=\"fusion-column-wrapper fusion-column-has-shadow fusion-flex-justify-content-flex-start fusion-content-layout-column\"><div class=\"fusion-title title fusion-title-1 fusion-sep-none fusion-title-text fusion-title-size-one\" style=\"--awb-text-color:var(--awb-color8);--awb-margin-bottom:32px;--awb-margin-bottom-small:32px;\"><h1 class=\"fusion-title-heading title-heading-left fusion-responsive-typography-calculated\" style=\"margin:0;--fontSize:42;line-height:var(--awb-typography1-line-height);\">I nostri certificati<\/h1><\/div><div class=\"fusion-text fusion-text-1 fusion-text-no-margin\" style=\"--awb-text-color:hsla(var(--awb-color8-h),var(--awb-color8-s),var(--awb-color8-l),calc(var(--awb-color8-a) - 25%));--awb-margin-right:16px;--awb-margin-bottom:40px;\"><p class=\"p1\">I nostri certificati sono pi\u00f9 di una semplice prova formale: riflettono il nostro impegno per la qualit\u00e0, la sicurezza e il comportamento responsabile. Che si tratti di gestione ambientale, sicurezza sul lavoro o qualit\u00e0 dei processi, tutti i nostri processi sono soggetti a standard chiari e vengono regolarmente controllati e confermati da enti indipendenti. <\/p>\n<p class=\"p1\">In questo modo, creiamo trasparenza, rafforziamo la fiducia dei nostri clienti e dei nostri partner e allo stesso tempo dimostriamo di essere pronti a svilupparci costantemente &#8211; con un sistema, una responsabilit\u00e0 e uno sguardo al futuro.<\/p>\n<\/div><\/div><\/div><\/div><\/div><div id=\"modulo di richiesta\" class=\"fusion-container-anchor\"><div class=\"fusion-fullwidth fullwidth-box fusion-builder-row-2 fusion-flex-container has-pattern-background has-mask-background nonhundred-percent-fullwidth non-hundred-percent-height-scrolling\" style=\"--awb-border-radius-top-left:0px;--awb-border-radius-top-right:0px;--awb-border-radius-bottom-right:0px;--awb-border-radius-bottom-left:0px;--awb-flex-wrap:wrap;\" ><div class=\"fusion-builder-row fusion-row fusion-flex-align-items-flex-start fusion-flex-content-wrap\" style=\"max-width:1248px;margin-left: calc(-4% \/ 2 );margin-right: calc(-4% \/ 2 );\"><div class=\"fusion-layout-column fusion_builder_column fusion-builder-column-1 fusion_builder_column_2_3 2_3 fusion-flex-column fusion-flex-align-self-center\" style=\"--awb-bg-size:cover;--awb-width-large:66.666666666667%;--awb-spacing-right-large:2.88%;--awb-margin-bottom-large:0px;--awb-spacing-left-large:2.88%;--awb-width-medium:50%;--awb-order-medium:0;--awb-spacing-right-medium:3.84%;--awb-spacing-left-medium:3.84%;--awb-width-small:100%;--awb-order-small:2;--awb-margin-top-small:80px;--awb-spacing-right-small:1.92%;--awb-spacing-left-small:1.92%;\"><div class=\"fusion-column-wrapper fusion-column-has-shadow fusion-flex-justify-content-flex-start fusion-content-layout-column\"><div class=\"fusion-image-element \" style=\"--awb-margin-bottom:25px;--awb-max-width:300px;--awb-caption-title-font-family:var(--h2_typography-font-family);--awb-caption-title-font-weight:var(--h2_typography-font-weight);--awb-caption-title-font-style:var(--h2_typography-font-style);--awb-caption-title-size:var(--h2_typography-font-size);--awb-caption-title-transform:var(--h2_typography-text-transform);--awb-caption-title-line-height:var(--h2_typography-line-height);--awb-caption-title-letter-spacing:var(--h2_typography-letter-spacing);\"><span class=\" fusion-imageframe imageframe-none imageframe-1 hover-type-none\"><img decoding=\"async\" width=\"200\" height=\"131\" title=\"SGS_TUV_ISO_9001_TCL_HR-1-pa02qehp3pr9ptz1jtxa91shkokdtrnu0rtjfu6ty6\" src=\"data:image\/svg+xml,%3Csvg%20xmlns%3D%27http%3A%2F%2Fwww.w3.org%2F2000%2Fsvg%27%20width%3D%27200%27%20height%3D%27131%27%20viewBox%3D%270%200%20200%20131%27%3E%3Crect%20width%3D%27200%27%20height%3D%27131%27%20fill-opacity%3D%220%22%2F%3E%3C%2Fsvg%3E\" data-orig-src=\"https:\/\/terra-spedition.de\/wp-content\/uploads\/2025\/09\/SGS_TUV_ISO_9001_TCL_HR-1-pa02qehp3pr9ptz1jtxa91shkokdtrnu0rtjfu6ty6.jpg\" alt class=\"lazyload img-responsive wp-image-3947\"\/><\/span><\/div><div class=\"fusion-title title fusion-title-2 fusion-sep-none fusion-title-text fusion-title-size-two\" style=\"--awb-text-color:var(--awb-color8);--awb-margin-bottom:32px;--awb-margin-bottom-small:32px;\"><h2 class=\"fusion-title-heading title-heading-left fusion-responsive-typography-calculated\" style=\"margin:0;--fontSize:42;line-height:1.3;\">ISO 9001<\/h2><\/div><div class=\"fusion-text fusion-text-2 fusion-text-no-margin\" style=\"--awb-text-color:hsla(var(--awb-color8-h),var(--awb-color8-s),var(--awb-color8-l),calc(var(--awb-color8-a) - 25%));--awb-margin-right:16px;--awb-margin-bottom:40px;\"><p>La ISO 9001 \u00e8 lo standard di gestione della qualit\u00e0 pi\u00f9 diffuso sia in Germania che a livello internazionale.<\/p>\n<p>Questa norma definisce uno standard riconosciuto a livello mondiale per i sistemi di gestione della qualit\u00e0. L&#8217;attenzione \u00e8 rivolta all&#8217;ottimizzazione dei processi e al miglioramento della qualit\u00e0. Entrambi devono garantire il miglioramento continuo delle prestazioni dell&#8217;azienda e il soddisfacimento delle esigenze dei clienti nel miglior modo possibile.  <\/p>\n<p>La certificazione ISO 9001 attesta la conformit\u00e0 di terra agli standard di qualit\u00e0 globali, la chiarezza dei processi aziendali e il forte orientamento al cliente. In particolare, programmi come la terra Drive Academy contribuiscono a garantire qualit\u00e0, competenza e affidabilit\u00e0.<\/p>\n<\/div><\/div><\/div><div class=\"fusion-layout-column fusion_builder_column fusion-builder-column-2 fusion_builder_column_1_3 1_3 fusion-flex-column fusion-flex-align-self-center\" style=\"--awb-bg-size:cover;--awb-width-large:33.333333333333%;--awb-spacing-right-large:5.76%;--awb-margin-bottom-large:0px;--awb-spacing-left-large:5.76%;--awb-width-medium:50%;--awb-order-medium:0;--awb-spacing-right-medium:3.84%;--awb-spacing-left-medium:3.84%;--awb-width-small:100%;--awb-order-small:2;--awb-margin-top-small:20px;--awb-spacing-right-small:1.92%;--awb-spacing-left-small:1.92%;\" data-scroll-devices=\"small-visibility,medium-visibility,large-visibility\"><div class=\"fusion-column-wrapper fusion-column-has-shadow fusion-flex-justify-content-flex-start fusion-content-layout-column\"><div class=\"fusion-image-element \" style=\"--awb-margin-bottom:25px;--awb-max-width:300px;--awb-caption-title-font-family:var(--h2_typography-font-family);--awb-caption-title-font-weight:var(--h2_typography-font-weight);--awb-caption-title-font-style:var(--h2_typography-font-style);--awb-caption-title-size:var(--h2_typography-font-size);--awb-caption-title-transform:var(--h2_typography-text-transform);--awb-caption-title-line-height:var(--h2_typography-line-height);--awb-caption-title-letter-spacing:var(--h2_typography-letter-spacing);\"><span class=\" fusion-imageframe imageframe-none imageframe-2 hover-type-none\"><img decoding=\"async\" width=\"1582\" height=\"2240\" title=\"SGS_ISO 9001_2015_DESTU_000617_EN\" src=\"https:\/\/terra-spedition.de\/wp-content\/uploads\/2025\/09\/SGS_ISO-9001_2015_DESTU_000617_EN.jpg\" data-orig-src=\"https:\/\/terra-spedition.de\/wp-content\/uploads\/2025\/09\/SGS_ISO-9001_2015_DESTU_000617_EN.jpg\" alt class=\"lazyload img-responsive wp-image-3950\" srcset=\"data:image\/svg+xml,%3Csvg%20xmlns%3D%27http%3A%2F%2Fwww.w3.org%2F2000%2Fsvg%27%20width%3D%271582%27%20height%3D%272240%27%20viewBox%3D%270%200%201582%202240%27%3E%3Crect%20width%3D%271582%27%20height%3D%272240%27%20fill-opacity%3D%220%22%2F%3E%3C%2Fsvg%3E\" data-srcset=\"https:\/\/terra-spedition.de\/wp-content\/uploads\/2025\/09\/SGS_ISO-9001_2015_DESTU_000617_EN-200x283.jpg 200w, https:\/\/terra-spedition.de\/wp-content\/uploads\/2025\/09\/SGS_ISO-9001_2015_DESTU_000617_EN-400x566.jpg 400w, https:\/\/terra-spedition.de\/wp-content\/uploads\/2025\/09\/SGS_ISO-9001_2015_DESTU_000617_EN-600x850.jpg 600w, https:\/\/terra-spedition.de\/wp-content\/uploads\/2025\/09\/SGS_ISO-9001_2015_DESTU_000617_EN-800x1133.jpg 800w, https:\/\/terra-spedition.de\/wp-content\/uploads\/2025\/09\/SGS_ISO-9001_2015_DESTU_000617_EN-1200x1699.jpg 1200w, https:\/\/terra-spedition.de\/wp-content\/uploads\/2025\/09\/SGS_ISO-9001_2015_DESTU_000617_EN.jpg 1582w\" data-sizes=\"auto\" data-orig-sizes=\"(max-width: 800px) 100vw, 400px\" \/><\/span><\/div><\/div><\/div><\/div><\/div><\/div><div id=\"modulo di richiesta\" class=\"fusion-container-anchor\"><div class=\"fusion-fullwidth fullwidth-box fusion-builder-row-3 fusion-flex-container has-pattern-background has-mask-background nonhundred-percent-fullwidth non-hundred-percent-height-scrolling\" style=\"--awb-border-radius-top-left:0px;--awb-border-radius-top-right:0px;--awb-border-radius-bottom-right:0px;--awb-border-radius-bottom-left:0px;--awb-flex-wrap:wrap;\" ><div class=\"fusion-builder-row fusion-row fusion-flex-align-items-flex-start fusion-flex-content-wrap\" style=\"max-width:1248px;margin-left: calc(-4% \/ 2 );margin-right: calc(-4% \/ 2 );\"><div class=\"fusion-layout-column fusion_builder_column fusion-builder-column-3 fusion_builder_column_2_3 2_3 fusion-flex-column fusion-flex-align-self-center\" style=\"--awb-padding-top:5%;--awb-bg-size:cover;--awb-width-large:66.666666666667%;--awb-spacing-right-large:2.88%;--awb-margin-bottom-large:0px;--awb-spacing-left-large:2.88%;--awb-width-medium:50%;--awb-order-medium:0;--awb-spacing-right-medium:3.84%;--awb-spacing-left-medium:3.84%;--awb-width-small:100%;--awb-order-small:2;--awb-margin-top-small:80px;--awb-spacing-right-small:1.92%;--awb-spacing-left-small:1.92%;\" data-scroll-devices=\"small-visibility,medium-visibility,large-visibility\"><div class=\"fusion-column-wrapper fusion-column-has-shadow fusion-flex-justify-content-flex-start fusion-content-layout-column\"><div class=\"fusion-image-element \" style=\"--awb-margin-bottom:25px;--awb-max-width:300px;--awb-caption-title-font-family:var(--h2_typography-font-family);--awb-caption-title-font-weight:var(--h2_typography-font-weight);--awb-caption-title-font-style:var(--h2_typography-font-style);--awb-caption-title-size:var(--h2_typography-font-size);--awb-caption-title-transform:var(--h2_typography-text-transform);--awb-caption-title-line-height:var(--h2_typography-line-height);--awb-caption-title-letter-spacing:var(--h2_typography-letter-spacing);\"><span class=\" fusion-imageframe imageframe-none imageframe-3 hover-type-none\"><img decoding=\"async\" width=\"200\" height=\"124\" title=\"SGS_TUV_ISO_14001_TCL_HR-1-pa02qffjajsk1fxoecbwtjjy62fr1grkcwh0x45fq0\" src=\"data:image\/svg+xml,%3Csvg%20xmlns%3D%27http%3A%2F%2Fwww.w3.org%2F2000%2Fsvg%27%20width%3D%27200%27%20height%3D%27124%27%20viewBox%3D%270%200%20200%20124%27%3E%3Crect%20width%3D%27200%27%20height%3D%27124%27%20fill-opacity%3D%220%22%2F%3E%3C%2Fsvg%3E\" data-orig-src=\"https:\/\/terra-spedition.de\/wp-content\/uploads\/2025\/09\/SGS_TUV_ISO_14001_TCL_HR-1-pa02qffjajsk1fxoecbwtjjy62fr1grkcwh0x45fq0.jpg\" alt class=\"lazyload img-responsive wp-image-3948\"\/><\/span><\/div><div class=\"fusion-title title fusion-title-3 fusion-sep-none fusion-title-text fusion-title-size-two\" style=\"--awb-text-color:var(--awb-color8);--awb-margin-bottom:32px;--awb-margin-bottom-small:32px;\"><h2 class=\"fusion-title-heading title-heading-left fusion-responsive-typography-calculated\" style=\"margin:0;--fontSize:42;line-height:1.3;\">ISO 14001<\/h2><\/div><div class=\"fusion-text fusion-text-3 fusion-text-no-margin\" style=\"--awb-text-color:hsla(var(--awb-color8-h),var(--awb-color8-s),var(--awb-color8-l),calc(var(--awb-color8-a) - 25%));--awb-margin-right:16px;--awb-margin-bottom:40px;\"><p>La ISO 14001 \u00e8 lo standard riconosciuto a livello mondiale per i sistemi di gestione ambientale dal 1996 e copre tutti gli aspetti del miglioramento delle prestazioni ambientali.<\/p>\n<p>Lo standard definisce la creazione, l&#8217;implementazione, il mantenimento e il miglioramento continuo di un sistema di gestione ambientale.<\/p>\n<p>L&#8217;obiettivo principale della certificazione ISO 14001 \u00e8 quello di promuovere la protezione dell&#8217;ambiente, ridurre gli impatti ambientali e implementare gli obiettivi ambientali.<\/p>\n<p>Con la certificazione ISO 14001, terra certifica di soddisfare tutti gli standard ambientali pertinenti e dimostra cos\u00ec un impegno responsabile per la protezione del pianeta.<\/p>\n<\/div><\/div><\/div><div class=\"fusion-layout-column fusion_builder_column fusion-builder-column-4 fusion_builder_column_1_3 1_3 fusion-flex-column fusion-flex-align-self-center\" style=\"--awb-bg-size:cover;--awb-width-large:33.333333333333%;--awb-spacing-right-large:5.76%;--awb-margin-bottom-large:0px;--awb-spacing-left-large:5.76%;--awb-width-medium:50%;--awb-order-medium:0;--awb-spacing-right-medium:3.84%;--awb-spacing-left-medium:3.84%;--awb-width-small:100%;--awb-order-small:2;--awb-margin-top-small:20px;--awb-spacing-right-small:1.92%;--awb-spacing-left-small:1.92%;\" data-scroll-devices=\"small-visibility,medium-visibility,large-visibility\"><div class=\"fusion-column-wrapper fusion-column-has-shadow fusion-flex-justify-content-flex-start fusion-content-layout-column\"><div class=\"fusion-image-element \" style=\"--awb-margin-bottom:25px;--awb-max-width:300px;--awb-caption-title-font-family:var(--h2_typography-font-family);--awb-caption-title-font-weight:var(--h2_typography-font-weight);--awb-caption-title-font-style:var(--h2_typography-font-style);--awb-caption-title-size:var(--h2_typography-font-size);--awb-caption-title-transform:var(--h2_typography-text-transform);--awb-caption-title-line-height:var(--h2_typography-line-height);--awb-caption-title-letter-spacing:var(--h2_typography-letter-spacing);\"><span class=\" fusion-imageframe imageframe-none imageframe-4 hover-type-none\"><img decoding=\"async\" width=\"1584\" height=\"2244\" title=\"SGS_ISO 14001_2015_DESTU_000618_EN\" src=\"https:\/\/terra-spedition.de\/wp-content\/uploads\/2025\/09\/SGS_ISO-14001_2015_DESTU_000618_EN.jpg\" data-orig-src=\"https:\/\/terra-spedition.de\/wp-content\/uploads\/2025\/09\/SGS_ISO-14001_2015_DESTU_000618_EN.jpg\" alt class=\"lazyload img-responsive wp-image-3949\" srcset=\"data:image\/svg+xml,%3Csvg%20xmlns%3D%27http%3A%2F%2Fwww.w3.org%2F2000%2Fsvg%27%20width%3D%271584%27%20height%3D%272244%27%20viewBox%3D%270%200%201584%202244%27%3E%3Crect%20width%3D%271584%27%20height%3D%272244%27%20fill-opacity%3D%220%22%2F%3E%3C%2Fsvg%3E\" data-srcset=\"https:\/\/terra-spedition.de\/wp-content\/uploads\/2025\/09\/SGS_ISO-14001_2015_DESTU_000618_EN-200x283.jpg 200w, https:\/\/terra-spedition.de\/wp-content\/uploads\/2025\/09\/SGS_ISO-14001_2015_DESTU_000618_EN-400x567.jpg 400w, https:\/\/terra-spedition.de\/wp-content\/uploads\/2025\/09\/SGS_ISO-14001_2015_DESTU_000618_EN-600x850.jpg 600w, https:\/\/terra-spedition.de\/wp-content\/uploads\/2025\/09\/SGS_ISO-14001_2015_DESTU_000618_EN-800x1133.jpg 800w, https:\/\/terra-spedition.de\/wp-content\/uploads\/2025\/09\/SGS_ISO-14001_2015_DESTU_000618_EN-1200x1700.jpg 1200w, https:\/\/terra-spedition.de\/wp-content\/uploads\/2025\/09\/SGS_ISO-14001_2015_DESTU_000618_EN.jpg 1584w\" data-sizes=\"auto\" data-orig-sizes=\"(max-width: 800px) 100vw, 400px\" \/><\/span><\/div><\/div><\/div><\/div><\/div><\/div><div id=\"modulo di richiesta\" class=\"fusion-container-anchor\"><div class=\"fusion-fullwidth fullwidth-box fusion-builder-row-4 fusion-flex-container has-pattern-background has-mask-background nonhundred-percent-fullwidth non-hundred-percent-height-scrolling\" style=\"--awb-border-radius-top-left:0px;--awb-border-radius-top-right:0px;--awb-border-radius-bottom-right:0px;--awb-border-radius-bottom-left:0px;--awb-flex-wrap:wrap;\" ><div class=\"fusion-builder-row fusion-row fusion-flex-align-items-flex-start fusion-flex-content-wrap\" style=\"max-width:1248px;margin-left: calc(-4% \/ 2 );margin-right: calc(-4% \/ 2 );\"><div class=\"fusion-layout-column fusion_builder_column fusion-builder-column-5 fusion_builder_column_2_3 2_3 fusion-flex-column fusion-flex-align-self-center\" style=\"--awb-padding-top:5%;--awb-bg-size:cover;--awb-width-large:66.666666666667%;--awb-spacing-right-large:2.88%;--awb-margin-bottom-large:0px;--awb-spacing-left-large:2.88%;--awb-width-medium:50%;--awb-order-medium:0;--awb-spacing-right-medium:3.84%;--awb-spacing-left-medium:3.84%;--awb-width-small:100%;--awb-order-small:2;--awb-margin-top-small:80px;--awb-spacing-right-small:1.92%;--awb-spacing-left-small:1.92%;\" data-scroll-devices=\"small-visibility,medium-visibility,large-visibility\"><div class=\"fusion-column-wrapper fusion-column-has-shadow fusion-flex-justify-content-flex-start fusion-content-layout-column\"><div class=\"fusion-image-element \" style=\"--awb-margin-bottom:25px;--awb-max-width:200px;--awb-caption-title-font-family:var(--h2_typography-font-family);--awb-caption-title-font-weight:var(--h2_typography-font-weight);--awb-caption-title-font-style:var(--h2_typography-font-style);--awb-caption-title-size:var(--h2_typography-font-size);--awb-caption-title-transform:var(--h2_typography-text-transform);--awb-caption-title-line-height:var(--h2_typography-line-height);--awb-caption-title-letter-spacing:var(--h2_typography-letter-spacing);\"><span class=\" fusion-imageframe imageframe-none imageframe-5 hover-type-none\"><img decoding=\"async\" width=\"800\" height=\"800\" title=\"Logo AEO\" src=\"https:\/\/terra-spedition.de\/wp-content\/uploads\/2025\/09\/AEO-logo.png\" data-orig-src=\"https:\/\/terra-spedition.de\/wp-content\/uploads\/2025\/09\/AEO-logo.png\" alt class=\"lazyload img-responsive wp-image-3952\" srcset=\"data:image\/svg+xml,%3Csvg%20xmlns%3D%27http%3A%2F%2Fwww.w3.org%2F2000%2Fsvg%27%20width%3D%27800%27%20height%3D%27800%27%20viewBox%3D%270%200%20800%20800%27%3E%3Crect%20width%3D%27800%27%20height%3D%27800%27%20fill-opacity%3D%220%22%2F%3E%3C%2Fsvg%3E\" data-srcset=\"https:\/\/terra-spedition.de\/wp-content\/uploads\/2025\/09\/AEO-logo-200x200.png 200w, https:\/\/terra-spedition.de\/wp-content\/uploads\/2025\/09\/AEO-logo-400x400.png 400w, https:\/\/terra-spedition.de\/wp-content\/uploads\/2025\/09\/AEO-logo-600x600.png 600w, https:\/\/terra-spedition.de\/wp-content\/uploads\/2025\/09\/AEO-logo.png 800w\" data-sizes=\"auto\" data-orig-sizes=\"(max-width: 800px) 100vw, 800px\" \/><\/span><\/div><div class=\"fusion-title title fusion-title-4 fusion-sep-none fusion-title-text fusion-title-size-two\" style=\"--awb-text-color:var(--awb-color8);--awb-margin-bottom:32px;--awb-margin-bottom-small:32px;\"><h2 class=\"fusion-title-heading title-heading-left fusion-responsive-typography-calculated\" style=\"margin:0;--fontSize:42;line-height:1.3;\">AOE F<\/h2><\/div><div class=\"fusion-text fusion-text-4 fusion-text-no-margin\" style=\"--awb-text-color:hsla(var(--awb-color8-h),var(--awb-color8-s),var(--awb-color8-l),calc(var(--awb-color8-a) - 25%));--awb-margin-right:16px;--awb-margin-bottom:40px;\"><p>AEO F \u00e8 l&#8217;acronimo di Authorised Economic Operator &#8211; Full ed \u00e8 un tipo di certificato AEO che combina sia semplificazioni doganali che condizioni di sicurezza. Le aziende con lo status di AEO F sono considerate particolarmente affidabili e degne di fiducia e pertanto godono di vantaggi quali minori ispezioni e procedure doganali semplificate in tutta l&#8217;Unione Europea. <span class=\"uv3um\"> <\/span><\/p>\n<\/div><\/div><\/div><div class=\"fusion-layout-column fusion_builder_column fusion-builder-column-6 fusion_builder_column_1_3 1_3 fusion-flex-column fusion-flex-align-self-center\" style=\"--awb-bg-size:cover;--awb-width-large:33.333333333333%;--awb-spacing-right-large:5.76%;--awb-margin-bottom-large:0px;--awb-spacing-left-large:5.76%;--awb-width-medium:50%;--awb-order-medium:0;--awb-spacing-right-medium:3.84%;--awb-spacing-left-medium:3.84%;--awb-width-small:100%;--awb-order-small:2;--awb-margin-top-small:20px;--awb-spacing-right-small:1.92%;--awb-spacing-left-small:1.92%;\" data-scroll-devices=\"small-visibility,medium-visibility,large-visibility\"><div class=\"fusion-column-wrapper fusion-column-has-shadow fusion-flex-justify-content-flex-start fusion-content-layout-column\"><div class=\"fusion-image-element \" style=\"--awb-margin-bottom:25px;--awb-max-width:300px;--awb-caption-title-font-family:var(--h2_typography-font-family);--awb-caption-title-font-weight:var(--h2_typography-font-weight);--awb-caption-title-font-style:var(--h2_typography-font-style);--awb-caption-title-size:var(--h2_typography-font-size);--awb-caption-title-transform:var(--h2_typography-text-transform);--awb-caption-title-line-height:var(--h2_typography-line-height);--awb-caption-title-letter-spacing:var(--h2_typography-letter-spacing);\"><span class=\" fusion-imageframe imageframe-none imageframe-6 hover-type-none\"><img decoding=\"async\" width=\"1568\" height=\"2214\" title=\"Certificato AEO terra\" src=\"https:\/\/terra-spedition.de\/wp-content\/uploads\/2025\/09\/AEO-Zertifikat-terra.jpg\" data-orig-src=\"https:\/\/terra-spedition.de\/wp-content\/uploads\/2025\/09\/AEO-Zertifikat-terra.jpg\" alt class=\"lazyload img-responsive wp-image-3951\" srcset=\"data:image\/svg+xml,%3Csvg%20xmlns%3D%27http%3A%2F%2Fwww.w3.org%2F2000%2Fsvg%27%20width%3D%271568%27%20height%3D%272214%27%20viewBox%3D%270%200%201568%202214%27%3E%3Crect%20width%3D%271568%27%20height%3D%272214%27%20fill-opacity%3D%220%22%2F%3E%3C%2Fsvg%3E\" data-srcset=\"https:\/\/terra-spedition.de\/wp-content\/uploads\/2025\/09\/AEO-Zertifikat-terra-200x282.jpg 200w, https:\/\/terra-spedition.de\/wp-content\/uploads\/2025\/09\/AEO-Zertifikat-terra-400x565.jpg 400w, https:\/\/terra-spedition.de\/wp-content\/uploads\/2025\/09\/AEO-Zertifikat-terra-600x847.jpg 600w, https:\/\/terra-spedition.de\/wp-content\/uploads\/2025\/09\/AEO-Zertifikat-terra-800x1130.jpg 800w, https:\/\/terra-spedition.de\/wp-content\/uploads\/2025\/09\/AEO-Zertifikat-terra-1200x1694.jpg 1200w, https:\/\/terra-spedition.de\/wp-content\/uploads\/2025\/09\/AEO-Zertifikat-terra.jpg 1568w\" data-sizes=\"auto\" data-orig-sizes=\"(max-width: 800px) 100vw, 400px\" \/><\/span><\/div><\/div><\/div><\/div><\/div><\/div><\/p>\n","protected":false},"excerpt":{"rendered":"","protected":false},"author":2,"featured_media":0,"parent":0,"menu_order":0,"comment_status":"closed","ping_status":"closed","template":"100-width.php","meta":{"footnotes":""},"class_list":["post-3946","page","type-page","status-publish","hentry"],"_links":{"self":[{"href":"https:\/\/terra-spedition.de\/it\/wp-json\/wp\/v2\/pages\/3946","targetHints":{"allow":["GET"]}}],"collection":[{"href":"https:\/\/terra-spedition.de\/it\/wp-json\/wp\/v2\/pages"}],"about":[{"href":"https:\/\/terra-spedition.de\/it\/wp-json\/wp\/v2\/types\/page"}],"author":[{"embeddable":true,"href":"https:\/\/terra-spedition.de\/it\/wp-json\/wp\/v2\/users\/2"}],"replies":[{"embeddable":true,"href":"https:\/\/terra-spedition.de\/it\/wp-json\/wp\/v2\/comments?post=3946"}],"version-history":[{"count":9,"href":"https:\/\/terra-spedition.de\/it\/wp-json\/wp\/v2\/pages\/3946\/revisions"}],"predecessor-version":[{"id":4654,"href":"https:\/\/terra-spedition.de\/it\/wp-json\/wp\/v2\/pages\/3946\/revisions\/4654"}],"wp:attachment":[{"href":"https:\/\/terra-spedition.de\/it\/wp-json\/wp\/v2\/media?parent=3946"}],"curies":[{"name":"wp","href":"https:\/\/api.w.org\/{rel}","templated":true}]}}