{"id":3931,"date":"2025-09-10T09:42:04","date_gmt":"2025-09-10T07:42:04","guid":{"rendered":"https:\/\/35.156.17.119\/filosofi\/"},"modified":"2025-12-10T13:37:58","modified_gmt":"2025-12-10T12:37:58","slug":"philosophie","status":"publish","type":"page","link":"https:\/\/terra-spedition.de\/da\/philosophie\/","title":{"rendered":"Filosofi"},"content":{"rendered":"<p><div class=\"fusion-fullwidth fullwidth-box fusion-builder-row-1 fusion-flex-container has-pattern-background has-mask-background hundred-percent-fullwidth non-hundred-percent-height-scrolling\" style=\"--awb-border-radius-top-left:0px;--awb-border-radius-top-right:0px;--awb-border-radius-bottom-right:0px;--awb-border-radius-bottom-left:0px;--awb-padding-right:0px;--awb-padding-left:0px;--awb-background-color:var(--awb-color1);--awb-flex-wrap:wrap;\" ><div class=\"fusion-builder-row fusion-row fusion-flex-align-items-flex-start fusion-flex-content-wrap\" style=\"width:calc( 100% + 0px ) !important;max-width:calc( 100% + 0px ) !important;margin-left: calc(-0px \/ 2 );margin-right: calc(-0px \/ 2 );\"><div class=\"fusion-layout-column fusion_builder_column fusion-builder-column-0 fusion_builder_column_1_2 1_2 fusion-flex-column fusion-flex-align-self-center\" style=\"--awb-padding-top:5%;--awb-padding-right:18%;--awb-padding-bottom:5%;--awb-padding-left:18%;--awb-padding-right-small:5%;--awb-padding-left-small:5%;--awb-bg-size:cover;--awb-width-large:50%;--awb-margin-top-large:5%;--awb-spacing-right-large:0px;--awb-margin-bottom-large:5%;--awb-spacing-left-large:0px;--awb-width-medium:50%;--awb-order-medium:0;--awb-spacing-right-medium:0px;--awb-spacing-left-medium:0px;--awb-width-small:100%;--awb-order-small:1;--awb-spacing-right-small:0px;--awb-spacing-left-small:0px;\" data-scroll-devices=\"small-visibility,medium-visibility,large-visibility\"><div class=\"fusion-column-wrapper fusion-column-has-shadow fusion-flex-justify-content-flex-start fusion-content-layout-column\"><div class=\"fusion-title title fusion-title-1 fusion-sep-none fusion-title-text fusion-title-size-one\" style=\"--awb-text-color:var(--awb-color7);--awb-margin-bottom:30px;--awb-margin-bottom-small:40px;\"><h1 class=\"fusion-title-heading title-heading-left fusion-responsive-typography-calculated\" style=\"margin:0;text-transform:var(--awb-typography1-text-transform);--fontSize:42;line-height:var(--awb-typography1-line-height);\">Vores kultur: at arbejde med form\u00e5l, gl\u00e6de og \u00e6gte p\u00e5sk\u00f8nnelse<\/h1><\/div><div class=\"fusion-text fusion-text-1\" style=\"--awb-text-color:var(--awb-color8);\"><p class=\"p1\"><span style=\"font-weight: 400;\">Hos terra tror vi p\u00e5 det: Arbejde kan f\u00f8les godt. Hvis du bidrager med dine styrker, tager ansvar og er en del af et anerkendende team, beh\u00f8ver du ikke at l\u00e6nges efter fredag.  Vores virksomhedskultur er pr\u00e6get af respekt, \u00e5benhed, en positiv fejlkultur og \u00e6gte gl\u00e6de ved at arbejde sammen. Vi \u00f8nsker, at vores medarbejdere ikke kun udvikler sig, men ogs\u00e5 har det godt &#8211; fagligt, personligt og i deres daglige interaktion. For \u00e6gte tilfredshed skabes der, hvor v\u00e6rdierne leves.  <\/span><\/p>\n<\/div><\/div><\/div><div class=\"fusion-layout-column fusion_builder_column fusion-builder-column-1 fusion_builder_column_1_2 1_2 fusion-flex-column fusion-flex-align-self-stretch\" style=\"--awb-bg-position:center top;--awb-bg-size:cover;--awb-width-large:50%;--awb-spacing-right-large:0px;--awb-margin-bottom-large:0px;--awb-spacing-left-large:0px;--awb-width-medium:50%;--awb-order-medium:0;--awb-spacing-right-medium:0px;--awb-spacing-left-medium:0px;--awb-width-small:100%;--awb-order-small:0;--awb-spacing-right-small:0px;--awb-spacing-left-small:0px;\" data-scroll-devices=\"small-visibility,medium-visibility,large-visibility\"><div class=\"fusion-column-wrapper fusion-column-has-shadow fusion-flex-justify-content-flex-start fusion-content-layout-column\"><div class=\"fusion-image-element \" style=\"--awb-caption-title-font-family:var(--h2_typography-font-family);--awb-caption-title-font-weight:var(--h2_typography-font-weight);--awb-caption-title-font-style:var(--h2_typography-font-style);--awb-caption-title-size:var(--h2_typography-font-size);--awb-caption-title-transform:var(--h2_typography-text-transform);--awb-caption-title-line-height:var(--h2_typography-line-height);--awb-caption-title-letter-spacing:var(--h2_typography-letter-spacing);\"><span class=\" fusion-imageframe imageframe-none imageframe-1 hover-type-none\"><img decoding=\"async\" width=\"1500\" height=\"1061\" title=\"terra-leitbild-logo-bl\u00e5\" src=\"https:\/\/terra-spedition.de\/wp-content\/uploads\/2025\/12\/terra-leitbild-logo-blau.jpg\" data-orig-src=\"https:\/\/terra-spedition.de\/wp-content\/uploads\/2025\/12\/terra-leitbild-logo-blau.jpg\" alt class=\"lazyload img-responsive wp-image-5699\" srcset=\"data:image\/svg+xml,%3Csvg%20xmlns%3D%27http%3A%2F%2Fwww.w3.org%2F2000%2Fsvg%27%20width%3D%271500%27%20height%3D%271061%27%20viewBox%3D%270%200%201500%201061%27%3E%3Crect%20width%3D%271500%27%20height%3D%271061%27%20fill-opacity%3D%220%22%2F%3E%3C%2Fsvg%3E\" data-srcset=\"https:\/\/terra-spedition.de\/wp-content\/uploads\/2025\/12\/terra-leitbild-logo-blau-200x141.jpg 200w, https:\/\/terra-spedition.de\/wp-content\/uploads\/2025\/12\/terra-leitbild-logo-blau-400x283.jpg 400w, https:\/\/terra-spedition.de\/wp-content\/uploads\/2025\/12\/terra-leitbild-logo-blau-600x424.jpg 600w, https:\/\/terra-spedition.de\/wp-content\/uploads\/2025\/12\/terra-leitbild-logo-blau-800x566.jpg 800w, https:\/\/terra-spedition.de\/wp-content\/uploads\/2025\/12\/terra-leitbild-logo-blau-1200x849.jpg 1200w, https:\/\/terra-spedition.de\/wp-content\/uploads\/2025\/12\/terra-leitbild-logo-blau.jpg 1500w\" data-sizes=\"auto\" data-orig-sizes=\"(max-width: 800px) 100vw, 800px\" \/><\/span><\/div><\/div><\/div><\/div><\/div><div class=\"fusion-fullwidth fullwidth-box fusion-builder-row-2 fusion-flex-container has-pattern-background has-mask-background hundred-percent-fullwidth non-hundred-percent-height-scrolling\" style=\"--awb-border-radius-top-left:0px;--awb-border-radius-top-right:0px;--awb-border-radius-bottom-right:0px;--awb-border-radius-bottom-left:0px;--awb-padding-right:0px;--awb-padding-left:0px;--awb-background-color:var(--awb-color1);--awb-flex-wrap:wrap;\" ><div class=\"fusion-builder-row fusion-row fusion-flex-align-items-center fusion-flex-content-wrap\" style=\"width:calc( 100% + 0px ) !important;max-width:calc( 100% + 0px ) !important;margin-left: calc(-0px \/ 2 );margin-right: calc(-0px \/ 2 );\"><div class=\"fusion-layout-column fusion_builder_column fusion-builder-column-2 fusion_builder_column_1_2 1_2 fusion-flex-column fusion-flex-align-self-stretch\" style=\"--awb-bg-position:center center;--awb-bg-size:cover;--awb-width-large:50%;--awb-spacing-right-large:0px;--awb-margin-bottom-large:0px;--awb-spacing-left-large:0px;--awb-width-medium:50%;--awb-order-medium:0;--awb-spacing-right-medium:0px;--awb-spacing-left-medium:0px;--awb-width-small:100%;--awb-order-small:0;--awb-spacing-right-small:0px;--awb-spacing-left-small:0px;\" data-scroll-devices=\"small-visibility,medium-visibility,large-visibility\"><div class=\"fusion-column-wrapper fusion-column-has-shadow fusion-flex-justify-content-flex-start fusion-content-layout-column\"><div class=\"fusion-video fusion-selfhosted-video\" style=\"max-width:100%;\"><div class=\"video-wrapper\"><video playsinline=\"true\" width=\"100%\" style=\"object-fit: cover;\" loop=\"true\" poster=\"https:\/\/terra-spedition.de\/wp-content\/uploads\/2025\/09\/we-are-terra.jpg\" preload=\"metadata\" controls=\"1\"><source src=\"https:\/\/terra-spedition.de\/wp-content\/uploads\/video\/we-are-terra-film.mp4\" type=\"video\/mp4\">Beklager, din browser underst\u00f8tter ikke indlejrede videoer.<\/video><\/div><\/div><\/div><\/div><div class=\"fusion-layout-column fusion_builder_column fusion-builder-column-3 fusion_builder_column_1_2 1_2 fusion-flex-column fusion-flex-align-self-center\" style=\"--awb-padding-top:5%;--awb-padding-right:18%;--awb-padding-bottom:5%;--awb-padding-left:18%;--awb-padding-right-small:5%;--awb-padding-left-small:5%;--awb-bg-size:cover;--awb-width-large:50%;--awb-margin-top-large:5%;--awb-spacing-right-large:0px;--awb-margin-bottom-large:5%;--awb-spacing-left-large:0px;--awb-width-medium:50%;--awb-order-medium:0;--awb-spacing-right-medium:0px;--awb-spacing-left-medium:0px;--awb-width-small:100%;--awb-order-small:0;--awb-spacing-right-small:0px;--awb-spacing-left-small:0px;\" data-scroll-devices=\"small-visibility,medium-visibility,large-visibility\"><div class=\"fusion-column-wrapper fusion-column-has-shadow fusion-flex-justify-content-flex-start fusion-content-layout-column\"><div class=\"fusion-title title fusion-title-2 fusion-sep-none fusion-title-text fusion-title-size-two\" style=\"--awb-text-color:var(--awb-color7);--awb-margin-bottom:30px;--awb-margin-bottom-small:40px;\"><h2 class=\"fusion-title-heading title-heading-left fusion-responsive-typography-calculated\" style=\"margin:0;text-transform:var(--awb-typography1-text-transform);--fontSize:42;line-height:1.3;\">Arbejdsgl\u00e6de er ikke en tilf\u00e6ldighed<\/h2><\/div><div class=\"fusion-text fusion-text-2\" style=\"--awb-text-color:var(--awb-color7);\"><p><span style=\"font-weight: 400;\">Vi er overbeviste om, at det at have det sjovt p\u00e5 arbejdet ikke bare er en bonus efter arbejde, men en integreret del af hverdagen. Du kan ogs\u00e5 have det sjovt p\u00e5 arbejdet. Vi skaber et milj\u00f8, hvor ideer er velkomne, personlig udvikling opmuntres, og latter har lige s\u00e5 stor plads som l\u00e6ring. Uanset om det drejer sig om sm\u00e5 succeser eller store projekter, fejrer vi det sammen og m\u00f8der udfordringer med hold\u00e5nd og lyst til at finde l\u00f8sninger. Det skaber \u00e6gte virksomhedsgl\u00e6de, som man ikke bare kan m\u00e6rke, men ogs\u00e5 se.    <\/span><\/p>\n<\/div><\/div><\/div><\/div><\/div><div class=\"fusion-fullwidth fullwidth-box fusion-builder-row-3 fusion-flex-container has-pattern-background has-mask-background hundred-percent-fullwidth non-hundred-percent-height-scrolling\" style=\"--awb-border-radius-top-left:0px;--awb-border-radius-top-right:0px;--awb-border-radius-bottom-right:0px;--awb-border-radius-bottom-left:0px;--awb-padding-right:0px;--awb-padding-left:0px;--awb-background-color:var(--awb-color1);--awb-flex-wrap:wrap;\" ><div class=\"fusion-builder-row fusion-row fusion-flex-align-items-flex-start fusion-flex-content-wrap\" style=\"width:calc( 100% + 0px ) !important;max-width:calc( 100% + 0px ) !important;margin-left: calc(-0px \/ 2 );margin-right: calc(-0px \/ 2 );\"><div class=\"fusion-layout-column fusion_builder_column fusion-builder-column-4 fusion_builder_column_1_2 1_2 fusion-flex-column fusion-flex-align-self-center\" style=\"--awb-padding-top:5%;--awb-padding-right:18%;--awb-padding-bottom:5%;--awb-padding-left:18%;--awb-padding-right-small:5%;--awb-padding-left-small:5%;--awb-bg-size:cover;--awb-width-large:50%;--awb-margin-top-large:5%;--awb-spacing-right-large:0px;--awb-margin-bottom-large:5%;--awb-spacing-left-large:0px;--awb-width-medium:50%;--awb-order-medium:0;--awb-spacing-right-medium:0px;--awb-spacing-left-medium:0px;--awb-width-small:100%;--awb-order-small:0;--awb-spacing-right-small:0px;--awb-spacing-left-small:0px;\" data-scroll-devices=\"small-visibility,medium-visibility,large-visibility\"><div class=\"fusion-column-wrapper fusion-column-has-shadow fusion-flex-justify-content-flex-start fusion-content-layout-column\"><div class=\"fusion-title title fusion-title-3 fusion-sep-none fusion-title-text fusion-title-size-three\" style=\"--awb-text-color:var(--awb-color7);--awb-margin-bottom:30px;--awb-margin-bottom-small:40px;\"><h3 class=\"fusion-title-heading title-heading-left fusion-responsive-typography-calculated\" style=\"margin:0;text-transform:var(--awb-typography1-text-transform);--fontSize:42;line-height:1.4;\">Videreudvikling som en selvf\u00f8lge<\/h3><\/div><div class=\"fusion-text fusion-text-3\" style=\"--awb-text-color:var(--awb-color7);\"><p class=\"p1\"><span style=\"font-weight: 400;\">Vi ser ikke udvikling som at klatre op ad karrierestigen, men som kontinuerlig personlig og professionel v\u00e6kst. Alle hos terra f\u00e5r plads til at udforske nye veje, afpr\u00f8ve nye ting og blive st\u00f8ttet i at g\u00f8re det. Uanset om det er kurser, workshops eller blot en \u00e6rlig samtale med kolleger &#8211; for os er videreudvikling ikke en forpligtelse, men en overbevisning, vi lever efter. Den, der vil mere, finder de bedste betingelser for det hos terra.   <\/span><\/p>\n<\/div><\/div><\/div><div class=\"fusion-layout-column fusion_builder_column fusion-builder-column-5 fusion_builder_column_1_2 1_2 fusion-flex-column fusion-flex-align-self-stretch\" style=\"--awb-bg-position:center center;--awb-bg-size:cover;--awb-width-large:50%;--awb-spacing-right-large:0px;--awb-margin-bottom-large:0px;--awb-spacing-left-large:0px;--awb-width-medium:50%;--awb-order-medium:0;--awb-spacing-right-medium:0px;--awb-spacing-left-medium:0px;--awb-width-small:100%;--awb-order-small:1;--awb-spacing-right-small:0px;--awb-margin-bottom-small:0px;--awb-spacing-left-small:0px;\" data-scroll-devices=\"small-visibility,medium-visibility,large-visibility\"><div class=\"fusion-column-wrapper lazyload fusion-column-has-shadow fusion-flex-justify-content-flex-start fusion-content-layout-column fusion-empty-column-bg-image fusion-column-has-bg-image\" data-bg-url=\"https:\/\/terra-spedition.de\/wp-content\/uploads\/2025\/09\/eigenlandMultisense_Workshop.jpg\" data-bg=\"https:\/\/terra-spedition.de\/wp-content\/uploads\/2025\/09\/eigenlandMultisense_Workshop.jpg\"><img decoding=\"async\" class=\"fusion-empty-dims-img-placeholder\" aria-label=\"eigenlandMultisense_Workshop..\" src=\"data:image\/svg+xml,%3Csvg%20xmlns%3D%27http%3A%2F%2Fwww.w3.org%2F2000%2Fsvg%27%20width%3D%272560%27%20height%3D%271707%27%20viewBox%3D%270%200%202560%201707%27%3E%3Crect%20width%3D%272560%27%20height%3D%271707%27%20fill-opacity%3D%220%22%2F%3E%3C%2Fsvg%3E\"><\/div><\/div><\/div><\/div><div class=\"fusion-fullwidth fullwidth-box fusion-builder-row-4 fusion-flex-container has-pattern-background has-mask-background hundred-percent-fullwidth non-hundred-percent-height-scrolling\" style=\"--awb-border-radius-top-left:0px;--awb-border-radius-top-right:0px;--awb-border-radius-bottom-right:0px;--awb-border-radius-bottom-left:0px;--awb-padding-right:0px;--awb-padding-left:0px;--awb-background-color:var(--awb-color1);--awb-flex-wrap:wrap;\" ><div class=\"fusion-builder-row fusion-row fusion-flex-align-items-flex-start fusion-flex-content-wrap\" style=\"width:calc( 100% + 0px ) !important;max-width:calc( 100% + 0px ) !important;margin-left: calc(-0px \/ 2 );margin-right: calc(-0px \/ 2 );\"><div class=\"fusion-layout-column fusion_builder_column fusion-builder-column-6 fusion_builder_column_1_2 1_2 fusion-flex-column fusion-flex-align-self-stretch\" style=\"--awb-bg-position:center center;--awb-bg-size:cover;--awb-width-large:50%;--awb-spacing-right-large:0px;--awb-margin-bottom-large:0px;--awb-spacing-left-large:0px;--awb-width-medium:50%;--awb-order-medium:0;--awb-spacing-right-medium:0px;--awb-spacing-left-medium:0px;--awb-width-small:100%;--awb-order-small:0;--awb-spacing-right-small:0px;--awb-spacing-left-small:0px;\" data-scroll-devices=\"small-visibility,medium-visibility,large-visibility\"><div class=\"fusion-column-wrapper lazyload fusion-column-has-shadow fusion-flex-justify-content-flex-start fusion-content-layout-column fusion-empty-column-bg-image fusion-column-has-bg-image\" data-bg-url=\"https:\/\/terra-spedition.de\/wp-content\/uploads\/2025\/09\/eigenlandMultisense_Thesenbewertung.jpg\" data-bg=\"https:\/\/terra-spedition.de\/wp-content\/uploads\/2025\/09\/eigenlandMultisense_Thesenbewertung.jpg\"><img decoding=\"async\" class=\"fusion-empty-dims-img-placeholder\" aria-label=\"eigenlandMultisense_Thesenbewertung\" src=\"data:image\/svg+xml,%3Csvg%20xmlns%3D%27http%3A%2F%2Fwww.w3.org%2F2000%2Fsvg%27%20width%3D%272540%27%20height%3D%271693%27%20viewBox%3D%270%200%202540%201693%27%3E%3Crect%20width%3D%272540%27%20height%3D%271693%27%20fill-opacity%3D%220%22%2F%3E%3C%2Fsvg%3E\"><\/div><\/div><div class=\"fusion-layout-column fusion_builder_column fusion-builder-column-7 fusion_builder_column_1_2 1_2 fusion-flex-column fusion-flex-align-self-center\" style=\"--awb-padding-top:5%;--awb-padding-right:18%;--awb-padding-bottom:5%;--awb-padding-left:18%;--awb-padding-right-small:5%;--awb-padding-left-small:5%;--awb-bg-size:cover;--awb-width-large:50%;--awb-margin-top-large:5%;--awb-spacing-right-large:0px;--awb-margin-bottom-large:5%;--awb-spacing-left-large:0px;--awb-width-medium:50%;--awb-order-medium:0;--awb-spacing-right-medium:0px;--awb-spacing-left-medium:0px;--awb-width-small:100%;--awb-order-small:0;--awb-spacing-right-small:0px;--awb-spacing-left-small:0px;\" data-scroll-devices=\"small-visibility,medium-visibility,large-visibility\"><div class=\"fusion-column-wrapper fusion-column-has-shadow fusion-flex-justify-content-flex-start fusion-content-layout-column\"><div class=\"fusion-title title fusion-title-4 fusion-sep-none fusion-title-text fusion-title-size-three\" style=\"--awb-text-color:var(--awb-color7);--awb-margin-bottom:30px;--awb-margin-bottom-small:40px;\"><h3 class=\"fusion-title-heading title-heading-left fusion-responsive-typography-calculated\" style=\"margin:0;text-transform:var(--awb-typography1-text-transform);--fontSize:42;line-height:1.4;\">Leve v\u00e6rdier &#8211; ikke bare formulere dem<\/h3><\/div><div class=\"fusion-text fusion-text-4\" style=\"--awb-text-color:var(--awb-color7);\"><p class=\"p1\"><span style=\"font-weight: 400;\">Vores virksomhedsfilosofi er ikke et opslag p\u00e5 gangen, men en levet virkelighed. I vores f\u00e6lles udviklede mission statement har vi beskrevet, hvad der er vigtigt for os: tillid, \u00e5benhed, samh\u00f8righed og begejstring for det, vi g\u00f8r. Disse v\u00e6rdier kendetegner vores samarbejde &#8211; uanset om det er p\u00e5 kontoret, p\u00e5 gaden eller i en international sammenh\u00e6ng. Vi fremmer dialog i \u00f8jenh\u00f8jde og opfordrer alle til at tage ansvar og spille en aktiv rolle i processer og beslutninger.   <\/span><\/p>\n<\/div><\/div><\/div><\/div><\/div><div class=\"fusion-fullwidth fullwidth-box fusion-builder-row-5 fusion-flex-container has-pattern-background has-mask-background nonhundred-percent-fullwidth non-hundred-percent-height-scrolling\" style=\"--link_color: var(--awb-color1);--awb-border-radius-top-left:0px;--awb-border-radius-top-right:0px;--awb-border-radius-bottom-right:0px;--awb-border-radius-bottom-left:0px;--awb-padding-top:120px;--awb-padding-right:5%;--awb-padding-bottom:120px;--awb-padding-left:5%;--awb-flex-wrap:wrap;\" ><div class=\"fusion-builder-row fusion-row fusion-flex-align-items-flex-start fusion-flex-content-wrap\" style=\"max-width:calc( 1200px + 0px );margin-left: calc(-0px \/ 2 );margin-right: calc(-0px \/ 2 );\"><div class=\"fusion-layout-column fusion_builder_column fusion-builder-column-8 fusion_builder_column_1_2 1_2 fusion-flex-column fusion-flex-align-self-stretch fusion-animated\" style=\"--awb-padding-top-small:20vw;--awb-padding-bottom-small:20vw;--awb-bg-position:center center;--awb-bg-size:cover;--awb-width-large:50%;--awb-spacing-right-large:0px;--awb-margin-bottom-large:0px;--awb-spacing-left-large:0px;--awb-width-medium:50%;--awb-order-medium:0;--awb-spacing-right-medium:0px;--awb-spacing-left-medium:0px;--awb-width-small:100%;--awb-order-small:0;--awb-spacing-right-small:0px;--awb-spacing-left-small:0px;\" data-animationType=\"fadeInUp\" data-animationDuration=\"1.0\" data-animationDelay=\"0.5\" data-animationOffset=\"top-into-view\" data-scroll-devices=\"small-visibility,medium-visibility,large-visibility\"><div class=\"fusion-column-wrapper lazyload fusion-column-has-shadow fusion-flex-justify-content-flex-start fusion-content-layout-column fusion-empty-column-bg-image fusion-column-has-bg-image\" data-bg-url=\"https:\/\/terra-spedition.de\/wp-content\/uploads\/2025\/03\/terra-hq-scaled.jpg\" data-bg=\"https:\/\/terra-spedition.de\/wp-content\/uploads\/2025\/03\/terra-hq-scaled.jpg\"><img decoding=\"async\" class=\"fusion-empty-dims-img-placeholder\" aria-label=\"terra-hq\" src=\"data:image\/svg+xml,%3Csvg%20xmlns%3D%27http%3A%2F%2Fwww.w3.org%2F2000%2Fsvg%27%20width%3D%272560%27%20height%3D%271707%27%20viewBox%3D%270%200%202560%201707%27%3E%3Crect%20width%3D%272560%27%20height%3D%271707%27%20fill-opacity%3D%220%22%2F%3E%3C%2Fsvg%3E\"><\/div><\/div><div class=\"fusion-layout-column fusion_builder_column fusion-builder-column-9 fusion_builder_column_1_2 1_2 fusion-flex-column fusion-flex-align-self-stretch fusion-animated\" style=\"--awb-padding-top:100px;--awb-padding-right:80px;--awb-padding-bottom:100px;--awb-padding-left:80px;--awb-padding-right-small:5%;--awb-padding-left-small:5%;--awb-bg-color:var(--awb-color4);--awb-bg-color-hover:var(--awb-color4);--awb-bg-size:cover;--awb-width-large:50%;--awb-spacing-right-large:0px;--awb-margin-bottom-large:0px;--awb-spacing-left-large:0px;--awb-width-medium:50%;--awb-order-medium:0;--awb-spacing-right-medium:0px;--awb-spacing-left-medium:0px;--awb-width-small:100%;--awb-order-small:0;--awb-spacing-right-small:0px;--awb-spacing-left-small:0px;\" data-animationType=\"fadeInDown\" data-animationDuration=\"1.0\" data-animationDelay=\"0.5\" data-animationOffset=\"top-into-view\" data-scroll-devices=\"small-visibility,medium-visibility,large-visibility\"><div class=\"fusion-column-wrapper fusion-column-has-shadow fusion-flex-justify-content-center fusion-content-layout-column\"><div class=\"fusion-title title fusion-title-5 fusion-sep-none fusion-title-text fusion-title-size-div\" style=\"--awb-text-color:var(--awb-color1);--awb-margin-bottom:30px;--awb-font-size:42px;\"><div class=\"fusion-title-heading title-heading-left title-heading-tag fusion-responsive-typography-calculated\" style=\"font-family:var(--awb-typography1-font-family);font-weight:var(--awb-typography1-font-weight);font-style:var(--awb-typography1-font-style);margin:0;font-size:1em;letter-spacing:var(--awb-typography1-letter-spacing);text-transform:var(--awb-typography1-text-transform);--fontSize:42;line-height:1.4;\">Lad os tale sammen!<\/div><\/div><ul style=\"--awb-size:21px;--awb-margin-bottom:20px;--awb-iconcolor:hsla(var(--awb-color4-h),var(--awb-color4-s),calc(var(--awb-color4-l) + 20%),var(--awb-color4-a));--awb-textcolor:var(--awb-color1);--awb-line-height:35.7px;--awb-icon-width:35.7px;--awb-icon-height:35.7px;--awb-icon-margin:14.7px;--awb-content-margin:50.4px;\" class=\"fusion-checklist fusion-checklist-1 fusion-checklist-default type-icons\"><li class=\"fusion-li-item\" style=\"\"><span class=\"icon-wrapper circle-no\"><i class=\"fusion-li-icon fa-headset fas\" aria-hidden=\"true\"><\/i><\/span><div class=\"fusion-li-item-content\">\n<p>+49 4181-3003-00<\/p>\n<\/div><\/li><li class=\"fusion-li-item\" style=\"\"><span class=\"icon-wrapper circle-no\"><i class=\"fusion-li-icon fa-at fas\" aria-hidden=\"true\"><\/i><\/span><div class=\"fusion-li-item-content\">\n<p><a href=\"mailto:terra@terra-spedition.de\">terra@terra-spedition.de<\/a><\/p>\n<\/div><\/li><\/ul><div class=\"fusion-text fusion-text-5 fusion-text-no-margin\" style=\"--awb-text-color:hsla(var(--awb-color1-h),var(--awb-color1-s),var(--awb-color1-l),calc(var(--awb-color1-a) - 30%));--awb-margin-bottom:60px;\"><p>Vil du gerne have overdraget et k\u00f8ret\u00f8j? Brug vores online foresp\u00f8rgselsformular og modtag hurtigt et personligt tilbud.<\/p>\n<\/div><div ><a class=\"fusion-button button-flat fusion-button-default-size button-custom fusion-button-default button-1 fusion-button-default-span fusion-button-default-type\" style=\"--button_accent_color:var(--awb-color1);--button_border_color:rgba(255,255,255,0);--button_accent_hover_color:var(--awb-color1);--button_border_hover_color:#fffffff;--button_border_width-top:0px;--button_border_width-right:0px;--button_border_width-bottom:2px;--button_border_width-left:0px;--button_gradient_start:92%;--button_gradient_end:92%;--button_gradient_top_color:rgba(255,255,255,0);--button_gradient_bottom_color:rgba(255,255,255,0);--button_gradient_top_color_hover:rgba(255,255,255,0);--button_gradient_bottom_color_hover:rgba(255,255,255,0);--button_font_size:18px;--button_padding-top:0px;--button_padding-right:0px;--button_padding-bottom:5px;--button_padding-left:0px;--button_margin-bottom:10px;\" target=\"_self\" data-hover=\"icon_rotate\" href=\"https:\/\/terra-spedition.de\/da\/forespoergsel\/\"><span class=\"fusion-button-text\">Lav en foresp\u00f8rgsel<\/span><i class=\"fa-tasks fas button-icon-right\" aria-hidden=\"true\"><\/i><\/a><\/div><\/div><\/div><\/div><\/div>\n<\/p>\n","protected":false},"excerpt":{"rendered":"","protected":false},"author":2,"featured_media":0,"parent":0,"menu_order":0,"comment_status":"closed","ping_status":"closed","template":"100-width.php","meta":{"footnotes":""},"class_list":["post-3931","page","type-page","status-publish","hentry"],"_links":{"self":[{"href":"https:\/\/terra-spedition.de\/da\/wp-json\/wp\/v2\/pages\/3931","targetHints":{"allow":["GET"]}}],"collection":[{"href":"https:\/\/terra-spedition.de\/da\/wp-json\/wp\/v2\/pages"}],"about":[{"href":"https:\/\/terra-spedition.de\/da\/wp-json\/wp\/v2\/types\/page"}],"author":[{"embeddable":true,"href":"https:\/\/terra-spedition.de\/da\/wp-json\/wp\/v2\/users\/2"}],"replies":[{"embeddable":true,"href":"https:\/\/terra-spedition.de\/da\/wp-json\/wp\/v2\/comments?post=3931"}],"version-history":[{"count":17,"href":"https:\/\/terra-spedition.de\/da\/wp-json\/wp\/v2\/pages\/3931\/revisions"}],"predecessor-version":[{"id":5720,"href":"https:\/\/terra-spedition.de\/da\/wp-json\/wp\/v2\/pages\/3931\/revisions\/5720"}],"wp:attachment":[{"href":"https:\/\/terra-spedition.de\/da\/wp-json\/wp\/v2\/media?parent=3931"}],"curies":[{"name":"wp","href":"https:\/\/api.w.org\/{rel}","templated":true}]}}