{"id":3471,"date":"2025-03-20T10:20:25","date_gmt":"2025-03-20T09:20:25","guid":{"rendered":"https:\/\/35.156.17.119\/karriere\/"},"modified":"2025-12-03T13:09:55","modified_gmt":"2025-12-03T12:09:55","slug":"karriere","status":"publish","type":"page","link":"https:\/\/terra-spedition.de\/da\/karriere\/","title":{"rendered":"Karriere"},"content":{"rendered":"<p><div class=\"fusion-fullwidth fullwidth-box fusion-builder-row-1 fusion-flex-container has-pattern-background has-mask-background fusion-parallax-none nonhundred-percent-fullwidth non-hundred-percent-height-scrolling lazyload\" style=\"--link_hover_color: var(--awb-color5);--link_color: var(--awb-color4);--awb-background-position:left top;--awb-border-radius-top-left:0px;--awb-border-radius-top-right:0px;--awb-border-radius-bottom-right:0px;--awb-border-radius-bottom-left:0px;--awb-padding-top:60px;--awb-padding-bottom:60px;--awb-min-height:550px;--awb-background-color:hsla(var(--awb-color5-h),var(--awb-color5-s),calc(var(--awb-color5-l) + 48%),var(--awb-color5-a));--awb-background-size:contain;--awb-flex-wrap:wrap;\" data-bg=\"https:\/\/terra-spedition.de\/wp-content\/uploads\/2025\/09\/bg-oben-links.svg\" ><div class=\"fusion-builder-row fusion-row fusion-flex-align-items-flex-start fusion-flex-content-wrap\" style=\"max-width:calc( 1200px + 130px );margin-left: calc(-130px \/ 2 );margin-right: calc(-130px \/ 2 );\"><div class=\"fusion-layout-column fusion_builder_column fusion-builder-column-0 fusion_builder_column_3_4 3_4 fusion-flex-column fusion-flex-align-self-center\" style=\"--awb-bg-size:cover;--awb-width-large:75%;--awb-spacing-right-large:65px;--awb-margin-bottom-large:0px;--awb-spacing-left-large:65px;--awb-width-medium:50%;--awb-order-medium:0;--awb-spacing-right-medium:65px;--awb-spacing-left-medium:65px;--awb-width-small:100%;--awb-order-small:2;--awb-margin-top-small:80px;--awb-spacing-right-small:65px;--awb-spacing-left-small:65px;\"><div class=\"fusion-column-wrapper fusion-column-has-shadow fusion-flex-justify-content-flex-start fusion-content-layout-column\"><div class=\"fusion-title title fusion-title-1 fusion-sep-none fusion-title-text fusion-title-size-one\" style=\"--awb-text-color:var(--awb-color8);--awb-margin-bottom:32px;--awb-margin-bottom-small:32px;\"><h1 class=\"fusion-title-heading title-heading-left fusion-responsive-typography-calculated\" style=\"margin:0;--fontSize:42;line-height:var(--awb-typography1-line-height);\">Form din fremtid sammen med os!<\/h1><\/div><div class=\"fusion-text fusion-text-1 fusion-text-no-margin\" style=\"--awb-text-color:hsla(var(--awb-color8-h),var(--awb-color8-s),var(--awb-color8-l),calc(var(--awb-color8-a) - 25%));--awb-margin-right:16px;--awb-margin-bottom:40px;\"><p>Er du p\u00e5 udkig efter en sp\u00e6ndende faglig udfordring i et internationalt milj\u00f8? Hos terra kan du forvente en dynamisk familievirksomhed, der l\u00e6gger v\u00e6gt p\u00e5 kvalitet, hold\u00e5nd og videreudvikling. <\/p>\n<p>Uanset om det er som chauff\u00f8r, i planl\u00e6gningen eller i administrationen &#8211; vi tilbyder alsidige karrieremuligheder med en fremtid. Bliv en del af vores team, og bidrag med dine styrker til en virksomhed, der gent\u00e6nker mobilitet. Ans\u00f8g nu, og kom i gang sammen med os!<\/p>\n<\/div><\/div><\/div><\/div><\/div><div class=\"fusion-fullwidth fullwidth-box fusion-builder-row-2 fusion-flex-container has-pattern-background has-mask-background nonhundred-percent-fullwidth non-hundred-percent-height-scrolling fusion-animated\" style=\"--link_hover_color: var(--awb-color5);--link_color: var(--awb-color5);--awb-border-sizes-top:0px;--awb-border-sizes-bottom:0px;--awb-border-sizes-left:0px;--awb-border-sizes-right:0px;--awb-border-color:var(--awb-color1);--awb-border-radius-top-left:0px;--awb-border-radius-top-right:0px;--awb-border-radius-bottom-right:0px;--awb-border-radius-bottom-left:0px;--awb-padding-top:5%;--awb-padding-right:0px;--awb-padding-bottom:5%;--awb-padding-left:0px;--awb-padding-top-medium:20px;--awb-padding-right-medium:20px;--awb-padding-bottom-medium:20px;--awb-padding-left-medium:20px;--awb-margin-top:0px;--awb-margin-bottom:0px;--awb-background-color:var(--awb-color1);--awb-flex-wrap:wrap;\" data-animationType=\"fadeInDown\" data-animationDuration=\"1.3\" data-animationOffset=\"top-into-view\" ><div class=\"fusion-builder-row fusion-row fusion-flex-align-items-stretch fusion-flex-justify-content-center fusion-flex-content-wrap\" style=\"max-width:calc( 1200px + 0px );margin-left: calc(-0px \/ 2 );margin-right: calc(-0px \/ 2 );\"><div class=\"fusion-layout-column fusion_builder_column fusion-builder-column-1 fusion_builder_column_1_1 1_1 fusion-flex-column\" style=\"--awb-bg-size:cover;--awb-width-large:100%;--awb-spacing-right-large:0px;--awb-margin-bottom-large:0px;--awb-spacing-left-large:0px;--awb-width-medium:100%;--awb-order-medium:0;--awb-spacing-right-medium:0px;--awb-spacing-left-medium:0px;--awb-width-small:100%;--awb-order-small:0;--awb-spacing-right-small:0px;--awb-spacing-left-small:0px;\"><div class=\"fusion-column-wrapper fusion-column-has-shadow fusion-flex-justify-content-flex-start fusion-content-layout-column\"><div class=\"fusion-post-cards fusion-post-cards-1 fusion-grid-archive fusion-grid-columns-2\" style=\"--awb-column-spacing:30px;--awb-dots-align:center;--awb-columns:2;--awb-filters-color:var(--awb-color4);--awb-active-filter-border-size:3px;--awb-filters-height:36px;--awb-row-spacing:30px;\"><ul class=\"fusion-grid fusion-grid-2 fusion-flex-align-items-stretch fusion-grid-posts-cards\"><li class=\"fusion-layout-column fusion_builder_column fusion-builder-column-2 fusion-flex-column fusion-column-inner-bg-wrapper post-card fusion-grid-column fusion-post-cards-grid-column\" style=\"--awb-padding-top:15vw;--awb-padding-right:100px;--awb-padding-bottom:60px;--awb-padding-left:70px;--awb-overflow:hidden;--awb-inner-bg-color:var(--awb-color1);--awb-inner-bg-color-hover:var(--awb-color1);--awb-inner-bg-image:linear-gradient(180deg, rgba(20,22,23,0.3) 0%,rgba(20,22,23,0.3) 85%);;--awb-inner-bg-size:cover;--awb-border-radius:12px 12px 12px 12px;--awb-inner-bg-border-radius:12px 12px 12px 12px;--awb-inner-bg-overflow:hidden;--awb-transform:translateY(0px);--awb-transform-hover:translateY(-25px);\" data-scroll-devices=\"small-visibility,medium-visibility,large-visibility\"><span class=\"fusion-column-inner-bg hover-type-none\"><a class=\"fusion-column-anchor\" href=\"https:\/\/terra-spedition.de\/da\/projects\/laereplads-som-speditions-og-logistikservicemedarbejder-m-k-d\/\"><span class=\"fusion-column-inner-bg-image lazyload\" data-bg=\"https:\/\/terra-spedition.de\/wp-content\/uploads\/2025\/03\/ausbildung-kaufmann-kauffrau-speditions-logistikleistungen.jpeg\" data-bg-gradient=\"linear-gradient(180deg, rgba(20,22,23,0.3) 0%,rgba(20,22,23,0.3) 85%)\"><\/span><\/a><\/span><div class=\"fusion-column-wrapper fusion-column-has-shadow fusion-flex-justify-content-flex-start fusion-content-layout-column fusion-column-has-bg-image\" data-bg-url=\"https:\/\/terra-spedition.de\/wp-content\/uploads\/2025\/03\/ausbildung-kaufmann-kauffrau-speditions-logistikleistungen.jpeg\"><div class=\"fusion-builder-row fusion-builder-row-inner fusion-row fusion-flex-align-items-stretch fusion-flex-justify-content-center fusion-flex-content-wrap\" style=\"width:calc( 100% + 0px ) !important;max-width:calc( 100% + 0px ) !important;margin-left: calc(-0px \/ 2 );margin-right: calc(-0px \/ 2 );\"><div class=\"fusion-layout-column fusion_builder_column_inner fusion-builder-nested-column-0 fusion_builder_column_inner_1_1 1_1 fusion-flex-column fusion-flex-align-self-stretch\" style=\"--awb-bg-size:cover;--awb-width-large:100%;--awb-spacing-right-large:0px;--awb-margin-bottom-large:0px;--awb-spacing-left-large:0px;--awb-width-medium:100%;--awb-order-medium:0;--awb-spacing-right-medium:0px;--awb-spacing-left-medium:0px;--awb-width-small:100%;--awb-order-small:0;--awb-spacing-right-small:0px;--awb-spacing-left-small:0px;\" data-scroll-devices=\"small-visibility,medium-visibility,large-visibility\"><div class=\"fusion-column-wrapper fusion-column-has-shadow fusion-flex-justify-content-flex-start fusion-content-layout-column\"><div class=\"fusion-title title fusion-title-2 fusion-sep-none fusion-title-text fusion-title-size-three\" style=\"--awb-text-color:var(--awb-color1);--awb-link-color:var(--awb-color1);--awb-link-hover-color:var(--awb-color2);--awb-font-size:32px;\"><h3 class=\"fusion-title-heading title-heading-left fusion-responsive-typography-calculated\" style=\"font-family:var(--awb-typography2-font-family);font-weight:var(--awb-typography2-font-weight);font-style:var(--awb-typography2-font-style);margin:0;font-size:1em;letter-spacing:var(--awb-typography2-letter-spacing);text-transform:var(--awb-typography2-text-transform);--fontSize:32;line-height:1.2;\"><a href=\"https:\/\/terra-spedition.de\/da\/projects\/laereplads-som-speditions-og-logistikservicemedarbejder-m-k-d\/\" class=\"awb-custom-text-color awb-custom-text-hover-color\" target=\"_self\">L\u00e6replads som speditions- og logistikservicemedarbejder (m\/k\/d)<\/a><\/h3><\/div><\/div><\/div><\/div><\/div><\/li>\n<li class=\"fusion-layout-column fusion_builder_column fusion-builder-column-3 fusion-flex-column fusion-column-inner-bg-wrapper post-card fusion-grid-column fusion-post-cards-grid-column\" style=\"--awb-padding-top:15vw;--awb-padding-right:100px;--awb-padding-bottom:60px;--awb-padding-left:70px;--awb-overflow:hidden;--awb-inner-bg-color:var(--awb-color1);--awb-inner-bg-color-hover:var(--awb-color1);--awb-inner-bg-image:linear-gradient(180deg, rgba(20,22,23,0.3) 0%,rgba(20,22,23,0.3) 85%);;--awb-inner-bg-size:cover;--awb-border-radius:12px 12px 12px 12px;--awb-inner-bg-border-radius:12px 12px 12px 12px;--awb-inner-bg-overflow:hidden;--awb-transform:translateY(0px);--awb-transform-hover:translateY(-25px);\" data-scroll-devices=\"small-visibility,medium-visibility,large-visibility\"><span class=\"fusion-column-inner-bg hover-type-none\"><a class=\"fusion-column-anchor\" href=\"https:\/\/terra-spedition.de\/da\/projects\/laereplads-som-kontorassistent-m-k-d\/\"><span class=\"fusion-column-inner-bg-image lazyload\" data-bg=\"https:\/\/terra-spedition.de\/wp-content\/uploads\/2025\/03\/ausbildung-kaufmann-kauffrau-bueromanagement.jpeg\" data-bg-gradient=\"linear-gradient(180deg, rgba(20,22,23,0.3) 0%,rgba(20,22,23,0.3) 85%)\"><\/span><\/a><\/span><div class=\"fusion-column-wrapper fusion-column-has-shadow fusion-flex-justify-content-flex-start fusion-content-layout-column fusion-column-has-bg-image\" data-bg-url=\"https:\/\/terra-spedition.de\/wp-content\/uploads\/2025\/03\/ausbildung-kaufmann-kauffrau-bueromanagement.jpeg\"><div class=\"fusion-builder-row fusion-builder-row-inner fusion-row fusion-flex-align-items-stretch fusion-flex-justify-content-center fusion-flex-content-wrap\" style=\"width:calc( 100% + 0px ) !important;max-width:calc( 100% + 0px ) !important;margin-left: calc(-0px \/ 2 );margin-right: calc(-0px \/ 2 );\"><div class=\"fusion-layout-column fusion_builder_column_inner fusion-builder-nested-column-1 fusion_builder_column_inner_1_1 1_1 fusion-flex-column fusion-flex-align-self-stretch\" style=\"--awb-bg-size:cover;--awb-width-large:100%;--awb-spacing-right-large:0px;--awb-margin-bottom-large:0px;--awb-spacing-left-large:0px;--awb-width-medium:100%;--awb-order-medium:0;--awb-spacing-right-medium:0px;--awb-spacing-left-medium:0px;--awb-width-small:100%;--awb-order-small:0;--awb-spacing-right-small:0px;--awb-spacing-left-small:0px;\" data-scroll-devices=\"small-visibility,medium-visibility,large-visibility\"><div class=\"fusion-column-wrapper fusion-column-has-shadow fusion-flex-justify-content-flex-start fusion-content-layout-column\"><div class=\"fusion-title title fusion-title-3 fusion-sep-none fusion-title-text fusion-title-size-three\" style=\"--awb-text-color:var(--awb-color1);--awb-link-color:var(--awb-color1);--awb-link-hover-color:var(--awb-color2);--awb-font-size:32px;\"><h3 class=\"fusion-title-heading title-heading-left fusion-responsive-typography-calculated\" style=\"font-family:var(--awb-typography2-font-family);font-weight:var(--awb-typography2-font-weight);font-style:var(--awb-typography2-font-style);margin:0;font-size:1em;letter-spacing:var(--awb-typography2-letter-spacing);text-transform:var(--awb-typography2-text-transform);--fontSize:32;line-height:1.2;\"><a href=\"https:\/\/terra-spedition.de\/da\/projects\/laereplads-som-kontorassistent-m-k-d\/\" class=\"awb-custom-text-color awb-custom-text-hover-color\" target=\"_self\">L\u00e6replads som kontorassistent (m\/k\/d)<\/a><\/h3><\/div><\/div><\/div><\/div><\/div><\/li>\n<\/ul><\/div><\/div><\/div><\/div><\/div><div class=\"fusion-fullwidth fullwidth-box fusion-builder-row-3 fusion-flex-container has-pattern-background has-mask-background nonhundred-percent-fullwidth non-hundred-percent-height-scrolling\" style=\"--link_color: var(--awb-color2);--awb-border-radius-top-left:0px;--awb-border-radius-top-right:0px;--awb-border-radius-bottom-right:0px;--awb-border-radius-bottom-left:0px;--awb-padding-top:5%;--awb-padding-right:5%;--awb-padding-bottom:5%;--awb-padding-left:5%;--awb-background-color:var(--awb-color4);--awb-flex-wrap:wrap;\" ><div class=\"fusion-builder-row fusion-row fusion-flex-align-items-flex-start fusion-flex-justify-content-center fusion-flex-content-wrap\" style=\"max-width:1248px;margin-left: calc(-4% \/ 2 );margin-right: calc(-4% \/ 2 );\"><div class=\"fusion-layout-column fusion_builder_column fusion-builder-column-4 fusion_builder_column_3_4 3_4 fusion-flex-column\" style=\"--awb-padding-right-small:5%;--awb-padding-left-small:5%;--awb-bg-size:cover;--awb-width-large:75%;--awb-spacing-right-large:2.56%;--awb-margin-bottom-large:0px;--awb-spacing-left-large:2.56%;--awb-width-medium:66.666666666667%;--awb-order-medium:0;--awb-spacing-right-medium:2.88%;--awb-spacing-left-medium:2.88%;--awb-width-small:100%;--awb-order-small:0;--awb-spacing-right-small:1.92%;--awb-spacing-left-small:1.92%;\" data-scroll-devices=\"small-visibility,medium-visibility,large-visibility\"><div class=\"fusion-column-wrapper fusion-column-has-shadow fusion-flex-justify-content-flex-start fusion-content-layout-column\"><div class=\"fusion-title title fusion-title-4 fusion-sep-none fusion-title-center fusion-title-text fusion-title-size-four\" style=\"--awb-text-color:var(--awb-color1);\"><h4 class=\"fusion-title-heading title-heading-center fusion-responsive-typography-calculated\" style=\"margin:0;--fontSize:30;line-height:1.4;\">Ikke noget for dig?<\/h4><\/div><div class=\"fusion-text fusion-text-2\" style=\"--awb-content-alignment:center;--awb-text-color:var(--awb-color1);\"><p>Kan du ikke finde en passende stilling? Send os din uopfordrede ans\u00f8gning via e-mail til <a href=\"mailto:lucia.vooth@terra-spedition.de\">lucia.vooth@terra-spedition.de<\/a><\/p>\n<\/div><\/div><\/div><\/div><\/div><\/p>\n","protected":false},"excerpt":{"rendered":"","protected":false},"author":2,"featured_media":0,"parent":0,"menu_order":0,"comment_status":"closed","ping_status":"closed","template":"100-width.php","meta":{"footnotes":""},"class_list":["post-3471","page","type-page","status-publish","hentry"],"_links":{"self":[{"href":"https:\/\/terra-spedition.de\/da\/wp-json\/wp\/v2\/pages\/3471","targetHints":{"allow":["GET"]}}],"collection":[{"href":"https:\/\/terra-spedition.de\/da\/wp-json\/wp\/v2\/pages"}],"about":[{"href":"https:\/\/terra-spedition.de\/da\/wp-json\/wp\/v2\/types\/page"}],"author":[{"embeddable":true,"href":"https:\/\/terra-spedition.de\/da\/wp-json\/wp\/v2\/users\/2"}],"replies":[{"embeddable":true,"href":"https:\/\/terra-spedition.de\/da\/wp-json\/wp\/v2\/comments?post=3471"}],"version-history":[{"count":11,"href":"https:\/\/terra-spedition.de\/da\/wp-json\/wp\/v2\/pages\/3471\/revisions"}],"predecessor-version":[{"id":4661,"href":"https:\/\/terra-spedition.de\/da\/wp-json\/wp\/v2\/pages\/3471\/revisions\/4661"}],"wp:attachment":[{"href":"https:\/\/terra-spedition.de\/da\/wp-json\/wp\/v2\/media?parent=3471"}],"curies":[{"name":"wp","href":"https:\/\/api.w.org\/{rel}","templated":true}]}}