{"id":3349,"date":"2025-09-29T15:24:46","date_gmt":"2025-09-29T13:24:46","guid":{"rendered":"https:\/\/35.156.17.119\/information-om-databeskyttelse\/"},"modified":"2025-10-06T09:33:08","modified_gmt":"2025-10-06T07:33:08","slug":"information-om-databeskyttelse","status":"publish","type":"page","link":"https:\/\/terra-spedition.de\/da\/information-om-databeskyttelse\/","title":{"rendered":"Information om databeskyttelse"},"content":{"rendered":"<div class=\"fusion-fullwidth fullwidth-box fusion-builder-row-1 fusion-flex-container has-pattern-background has-mask-background nonhundred-percent-fullwidth non-hundred-percent-height-scrolling\" style=\"--awb-border-radius-top-left:0px;--awb-border-radius-top-right:0px;--awb-border-radius-bottom-right:0px;--awb-border-radius-bottom-left:0px;--awb-margin-top:5%;--awb-flex-wrap:wrap;\" ><div class=\"fusion-builder-row fusion-row fusion-flex-align-items-flex-start fusion-flex-content-wrap\" style=\"max-width:1248px;margin-left: calc(-4% \/ 2 );margin-right: calc(-4% \/ 2 );\"><div class=\"fusion-layout-column fusion_builder_column fusion-builder-column-0 fusion_builder_column_1_1 1_1 fusion-flex-column\" style=\"--awb-bg-size:cover;--awb-width-large:100%;--awb-spacing-right-large:1.92%;--awb-margin-bottom-large:0px;--awb-spacing-left-large:1.92%;--awb-width-medium:100%;--awb-order-medium:0;--awb-spacing-right-medium:1.92%;--awb-spacing-left-medium:1.92%;--awb-width-small:100%;--awb-order-small:0;--awb-spacing-right-small:1.92%;--awb-spacing-left-small:1.92%;\"><div class=\"fusion-column-wrapper fusion-column-has-shadow fusion-flex-justify-content-flex-start fusion-content-layout-column\"><div class=\"fusion-text fusion-text-1\"><h1>Information om databeskyttelse<\/h1>\n<h2>1. Databeskyttelse i korte tr\u00e6k<\/h2>\n<h3>Generel information<\/h3>\n<p>F\u00f8lgende oplysninger giver et enkelt overblik over, hvad der sker med dine personlige data, n\u00e5r du bes\u00f8ger dette websted. Personlige data er alle data, der kan bruges til at identificere dig personligt. Detaljerede oplysninger om emnet databeskyttelse kan findes i vores databeskyttelseserkl\u00e6ring, der er anf\u00f8rt under denne tekst.  <\/p>\n<h3>Dataindsamling p\u00e5 denne hjemmeside<\/h3>\n<h4>Hvem er ansvarlig for dataindsamlingen p\u00e5 denne hjemmeside?<\/h4>\n<p>Databehandling p\u00e5 dette websted udf\u00f8res af webstedets operat\u00f8r. Du kan finde operat\u00f8rens kontaktoplysninger i afsnittet &#8220;Oplysninger om den dataansvarlige&#8221; i denne privatlivspolitik. <\/p>\n<h4>Hvordan indsamler vi dine data?<\/h4>\n<p>P\u00e5 den ene side indsamles dine data, n\u00e5r du giver dem til os. Det kan f.eks. v\u00e6re data, som du indtaster i en kontaktformular. <\/p>\n<p>Andre data indsamles automatisk eller med dit samtykke af vores IT-systemer, n\u00e5r du bes\u00f8ger hjemmesiden. Dette er prim\u00e6rt tekniske data (f.eks. internetbrowser, operativsystem eller tidspunkt for sidevisning). Disse data indsamles automatisk, s\u00e5 snart du g\u00e5r ind p\u00e5 denne hjemmeside.  <\/p>\n<h4>Hvad bruger vi dine data til?<\/h4>\n<p>Nogle af dataene indsamles for at sikre, at hjemmesiden leveres uden fejl. Andre data kan bruges til at analysere din brugeradf\u00e6rd. Hvis der kan indg\u00e5s eller indledes kontrakter via webstedet, behandles de overf\u00f8rte data ogs\u00e5 til kontrakttilbud, ordrer eller andre ordreforesp\u00f8rgsler.  <\/p>\n<h4>Hvilke rettigheder har du i forhold til dine data?<\/h4>\n<p>Du har til enhver tid ret til gratis at modtage oplysninger om oprindelsen, modtageren og form\u00e5let med dine lagrede persondata. Du har ogs\u00e5 ret til at anmode om rettelse eller sletning af disse data. Hvis du har givet dit samtykke til databehandling, kan du til enhver tid tilbagekalde dette samtykke for fremtiden. Du har ogs\u00e5 ret til at anmode om begr\u00e6nsning af behandlingen af dine personoplysninger under visse omst\u00e6ndigheder. Desuden har du ret til at indgive en klage til den kompetente tilsynsmyndighed.    <\/p>\n<p>Du kan til enhver tid kontakte os, hvis du har yderligere sp\u00f8rgsm\u00e5l om databeskyttelse.<\/p>\n<h3>Analysev\u00e6rkt\u00f8jer og v\u00e6rkt\u00f8jer fra tredjepartsleverand\u00f8rer<\/h3>\n<p>N\u00e5r du bes\u00f8ger dette websted, kan din surfingadf\u00e6rd blive evalueret statistisk. Det sker hovedsageligt med s\u00e5kaldte analyseprogrammer. <\/p>\n<p>Detaljerede oplysninger om disse analyseprogrammer kan findes i f\u00f8lgende privatlivspolitik.<\/p>\n<h2>2. Hosting<\/h2>\n<p>Vi hoster indholdet p\u00e5 vores hjemmeside hos f\u00f8lgende udbyder:<\/p>\n<h3>Amazon Web Services (AWS)<\/h3>\n<p>Udbyderen er Amazon Web Services EMEA SARL, 38 Avenue John F. Kennedy, 1855 Luxembourg (i det f\u00f8lgende ben\u00e6vnt AWS).<\/p>\n<p>N\u00e5r du bes\u00f8ger vores hjemmeside, behandles dine personoplysninger p\u00e5 AWS&#8217; servere. Personoplysninger kan ogs\u00e5 overf\u00f8res til AWS&#8217; moderselskab i USA. Dataoverf\u00f8rslen til USA er baseret p\u00e5 EU&#8217;s standardkontraktbestemmelser. Du kan finde flere oplysninger her: <a href=\"https:\/\/aws.amazon.com\/de\/blogs\/security\/aws-gdpr-data-processing-addendum\/\" target=\"_blank\" rel=\"noopener noreferrer\">https:\/\/aws.amazon.com\/de\/blogs\/security\/aws-gdpr-data-processing-addendum\/.<\/a>   <\/p>\n<p>Yderligere oplysninger kan findes i AWS&#8217; privatlivspolitik: <a href=\"https:\/\/aws.amazon.com\/de\/privacy\/?nc1=f_pr\" target=\"_blank\" rel=\"noopener noreferrer\">https:\/\/aws.amazon.com\/de\/privacy\/?nc1=f_pr.<\/a><\/p>\n<p>Brugen af AWS er baseret p\u00e5 artikel 6, stk. 1, litra f i GDPR. Vi har en legitim interesse i at vise vores hjemmeside s\u00e5 p\u00e5lideligt som muligt. Hvis der er anmodet om et tilsvarende samtykke, udf\u00f8res behandlingen udelukkende p\u00e5 grundlag af artikel 6, stk. 1, litra a, i GDPR og \u00a7 25, stk. 1, i TDDDG, for s\u00e5 vidt som samtykket omfatter lagring af cookies eller adgang til oplysninger i brugerens terminalenhed (f.eks. enhedens fingeraftryk) i henhold til TDDDG. Samtykket kan til enhver tid tilbagekaldes.        <\/p>\n<p>Virksomheden er certificeret i overensstemmelse med &#8220;EU-US Data Privacy Framework&#8221; (DPF). DPF er en aftale mellem EU og USA, der har til form\u00e5l at sikre overholdelse af europ\u00e6iske databeskyttelsesstandarder for databehandling i USA. Alle virksomheder, der er certificeret under DPF, forpligter sig til at overholde disse databeskyttelsesstandarder. Yderligere oplysninger om dette kan f\u00e5s fra udbyderen p\u00e5 f\u00f8lgende link: <a href=\"https:\/\/www.dataprivacyframework.gov\/participant\/5776\" target=\"_blank\" rel=\"noopener noreferrer\">https:\/\/www.dataprivacyframework.gov\/participant\/5776.<\/a>   <\/p>\n<h4>Behandling af ordrer<\/h4>\n<p>Vi har indg\u00e5et en databehandlingsaftale (DPA) for brugen af ovenn\u00e6vnte tjeneste. Dette er en kontrakt, der er foreskrevet i databeskyttelsesloven, og som garanterer, at den kun behandler personoplysninger om vores bes\u00f8gende p\u00e5 webstedet i overensstemmelse med vores instruktioner og i overensstemmelse med GDPR. <\/p>\n<h2>3 Generelle bem\u00e6rkninger og obligatoriske oplysninger<\/h2>\n<h3>Beskyttelse af data<\/h3>\n<p>Operat\u00f8rerne af disse sider tager beskyttelsen af dine personlige data meget alvorligt. Vi behandler dine personlige data fortroligt og i overensstemmelse med de lovbestemte databeskyttelsesbestemmelser og denne privatlivspolitik. <\/p>\n<p>N\u00e5r du bruger dette websted, indsamles der forskellige personoplysninger. Personlige data er data, der kan bruges til at identificere dig personligt. Denne privatlivspolitik forklarer, hvilke data vi indsamler, og hvad vi bruger dem til. Den forklarer ogs\u00e5, hvordan og til hvilket form\u00e5l dette g\u00f8res.   <\/p>\n<p>Vi g\u00f8r opm\u00e6rksom p\u00e5, at dataoverf\u00f8rsler via internettet (f.eks. ved kommunikation via e-mail) kan v\u00e6re beh\u00e6ftet med sikkerhedsbrister. Fuldst\u00e6ndig beskyttelse af data mod adgang fra tredjeparter er ikke mulig. <\/p>\n<h3>Note om det ansvarlige organ<\/h3>\n<p>Den ansvarlige for databehandlingen p\u00e5 dette websted er<\/p>\n<p>terra Handels- und Speditionsgesellschaft mbH<br \/>\nAxel Schneidt, Michael Cordes<br \/>\nB\u00e4ckerstra\u00dfe 24<br \/>\n21244 Buchholz i. d. Nordheide<\/p>\n<p>Telefon: +49 4181-3003-00<br \/>\nE-mail: terra@terra-spedition.de<\/p>\n<p>Den dataansvarlige er den fysiske eller juridiske person, der alene eller sammen med andre bestemmer form\u00e5let med og midlerne til behandling af personoplysninger (f.eks. navne, e-mailadresser osv.).<\/p>\n<h3>Opbevaringens varighed<\/h3>\n<p>Medmindre der er angivet en mere specifik opbevaringsperiode i denne privatlivspolitik, vil dine personoplysninger forblive hos os, indtil form\u00e5let med databehandlingen ikke l\u00e6ngere g\u00e6lder. Hvis du frems\u00e6tter en berettiget anmodning om sletning eller tilbagekalder dit samtykke til databehandling, vil dine data blive slettet, medmindre vi har andre juridisk tilladte grunde til at opbevare dine personlige data (f.eks. opbevaringsperioder i henhold til skatte- eller handelslovgivning); i sidstn\u00e6vnte tilf\u00e6lde vil sletningen finde sted, n\u00e5r disse grunde ikke l\u00e6ngere er g\u00e6ldende. <\/p>\n<h3>Generelle oplysninger om retsgrundlaget for databehandling p\u00e5 dette websted<\/h3>\n<p>Hvis du har givet samtykke til databehandling, behandler vi dine personoplysninger p\u00e5 grundlag af art. 6, stk. 1, litra a, i GDPR eller art. 9, stk. 2, litra a, i GDPR, for s\u00e5 vidt som s\u00e6rlige kategorier af data behandles i overensstemmelse med art. 9, stk. 1, i GDPR. I tilf\u00e6lde af udtrykkeligt samtykke til overf\u00f8rsel af personoplysninger til tredjelande sker databehandlingen ogs\u00e5 p\u00e5 grundlag af art. 49, stk. 1, litra a, i GDPR. Hvis du har givet samtykke til lagring af cookies eller adgang til oplysninger i din slutenhed (f.eks. via enhedens fingeraftryk), udf\u00f8res databehandlingen ogs\u00e5 p\u00e5 grundlag af \u00a7 25, stk. 1, i TDDDG. Samtykket kan til enhver tid tilbagekaldes. Hvis dine data er n\u00f8dvendige til opfyldelse af en kontrakt eller til gennemf\u00f8relse af foranstaltninger forud for kontraktindg\u00e5else, behandler vi dine data p\u00e5 grundlag af artikel 6, stk. 1, litra b, i GDPR. Desuden behandler vi dine data, hvis dette er n\u00f8dvendigt for at opfylde en juridisk forpligtelse p\u00e5 grundlag af artikel 6, stk. 1, litra c, i GDPR. Databehandling kan ogs\u00e5 udf\u00f8res p\u00e5 grundlag af vores legitime interesse i overensstemmelse med artikel 6, stk. 1, litra f, i GDPR. Oplysninger om de relevante retsgrundlag i hvert enkelt tilf\u00e6lde findes i de f\u00f8lgende afsnit i denne privatlivspolitik.                     <\/p>\n<h3>Modtagere af personoplysninger<\/h3>\n<p>Som en del af vores forretningsaktiviteter arbejder vi sammen med forskellige eksterne organisationer. I nogle tilf\u00e6lde er det ogs\u00e5 n\u00f8dvendigt at overf\u00f8re personoplysninger til disse eksterne organisationer. Vi videregiver kun personoplysninger til eksterne organer, hvis det er n\u00f8dvendigt for at opfylde en kontrakt, hvis vi er juridisk forpligtet til at g\u00f8re det (f.eks. videregivelse af data til skattemyndigheder), hvis vi har en legitim interesse i overf\u00f8rslen i overensstemmelse med artikel 6, stk. 1, litra f, i GDPR, eller hvis et andet retsgrundlag tillader overf\u00f8rsel af data. N\u00e5r vi bruger databehandlere, videregiver vi kun vores kunders personoplysninger p\u00e5 grundlag af en gyldig kontrakt om ordrebehandling. I tilf\u00e6lde af f\u00e6lles behandling indg\u00e5s en f\u00e6lles behandlingsaftale.      <\/p>\n<h3>Tilbagekaldelse af dit samtykke til databehandling<\/h3>\n<p>Mange databehandlingsoperationer er kun mulige med dit udtrykkelige samtykke. Du kan til enhver tid tr\u00e6kke dit samtykke tilbage. Lovligheden af den databehandling, der er udf\u00f8rt indtil tilbagekaldelsen, forbliver up\u00e5virket af tilbagekaldelsen.  <\/p>\n<h3>Ret til at g\u00f8re indsigelse mod indsamling af data i s\u00e6rlige tilf\u00e6lde og mod direkte markedsf\u00f8ring (art. 21 GDPR)<\/h3>\n<p>HVIS DATABEHANDLINGEN ER BASERET P\u00c5 ART. 6 ABS. 1 LIT. E ELLER F GDPR, HAR DU TIL ENHVER TID RET TIL AT G\u00d8RE INDSIGELSE MOD BEHANDLINGEN AF DINE PERSONOPLYSNINGER AF GRUNDE, DER VEDR\u00d8RER DIN S\u00c6RLIGE SITUATION; DETTE G\u00c6LDER OGS\u00c5 FOR PROFILERING BASERET P\u00c5 DISSE BESTEMMELSER. DET RESPEKTIVE RETSGRUNDLAG, SOM BEHANDLINGEN ER BASERET P\u00c5, KAN FINDES I DENNE PRIVATLIVSPOLITIK. HVIS DU G\u00d8R INDSIGELSE, VIL VI IKKE L\u00c6NGERE BEHANDLE DINE PERSONOPLYSNINGER, MEDMINDRE VI KAN P\u00c5VISE TVINGENDE LEGITIME GRUNDE TIL BEHANDLINGEN, SOM G\u00c5R FORUD FOR DINE INTERESSER, RETTIGHEDER OG FRIHEDER, ELLER BEHANDLINGEN TJENER TIL FASTL\u00c6GGELSE, UD\u00d8VELSE ELLER FORSVAR AF RETSKRAV (INDSIGELSE I HENHOLD TIL ART. 21, STK. 1, I GDPR).    <\/p>\n<p>HVIS DINE PERSONOPLYSNINGER BEHANDLES MED HENBLIK P\u00c5 DIREKTE MARKEDSF\u00d8RING, HAR DU TIL ENHVER TID RET TIL AT G\u00d8RE INDSIGELSE MOD BEHANDLINGEN AF DINE PERSONOPLYSNINGER MED HENBLIK P\u00c5 S\u00c5DAN MARKEDSF\u00d8RING; DETTE G\u00c6LDER OGS\u00c5 FOR PROFILERING, FOR S\u00c5 VIDT SOM DEN ER RELATERET TIL S\u00c5DAN DIREKTE MARKEDSF\u00d8RING. HVIS DU G\u00d8R INDSIGELSE, VIL DINE PERSONOPLYSNINGER EFTERF\u00d8LGENDE IKKE L\u00c6NGERE BLIVE BRUGT TIL DIREKTE MARKEDSF\u00d8RING (INDSIGELSE I HENHOLD TIL ART. 21, STK. 2, I GDPR). <\/p>\n<h3>Ret til at indgive en klage til den kompetente tilsynsmyndighed<\/h3>\n<p>I tilf\u00e6lde af overtr\u00e6delser af GDPR har de registrerede ret til at indgive en klage til en tilsynsmyndighed, navnlig i den medlemsstat, hvor de har deres s\u00e6dvanlige opholdssted, arbejdssted eller det sted, hvor den p\u00e5st\u00e5ede overtr\u00e6delse fandt sted. Retten til at indgive en klage ber\u00f8rer ikke andre administrative eller retlige midler. <\/p>\n<h3>Ret til dataportabilitet<\/h3>\n<p>Du har ret til at f\u00e5 data, som vi behandler automatisk p\u00e5 grundlag af dit samtykke eller til opfyldelse af en kontrakt, udleveret til dig eller til en tredjepart i et almindeligt anvendt, maskinl\u00e6sbart format. Hvis du anmoder om direkte overf\u00f8rsel af data til en anden dataansvarlig, vil dette kun ske i det omfang, det er teknisk muligt. <\/p>\n<h3>Information, rettelse og sletning<\/h3>\n<p>Inden for rammerne af de g\u00e6ldende lovbestemmelser har du til enhver tid ret til gratis information om dine lagrede personlige data, deres oprindelse og modtager og form\u00e5let med databehandlingen og om n\u00f8dvendigt ret til korrektion eller sletning af disse data. Du kan til enhver tid kontakte os, hvis du har yderligere sp\u00f8rgsm\u00e5l om persondata. <\/p>\n<h3>Ret til begr\u00e6nsning af behandling<\/h3>\n<p>Du har ret til at anmode om begr\u00e6nsning af behandlingen af dine personoplysninger. Du kan til enhver tid kontakte os for at g\u00f8re dette. Retten til begr\u00e6nsning af behandling findes i f\u00f8lgende tilf\u00e6lde:  <\/p>\n<ul>\n<li>Hvis du bestrider n\u00f8jagtigheden af dine personlige data, som vi har gemt, har vi generelt brug for tid til at kontrollere dette. S\u00e5 l\u00e6nge gennemgangen varer, har du ret til at anmode om, at behandlingen af dine personoplysninger begr\u00e6nses. <\/li>\n<li>Hvis behandlingen af dine personoplysninger var\/er ulovlig, kan du anmode om begr\u00e6nsning af databehandlingen i stedet for sletning.<\/li>\n<li>Hvis vi ikke l\u00e6ngere har brug for dine personoplysninger, men du har brug for dem til at ud\u00f8ve, forsvare eller h\u00e6vde juridiske krav, har du ret til at anmode om begr\u00e6nsning af behandlingen af dine personoplysninger i stedet for sletning.<\/li>\n<li>Hvis du har gjort indsigelse i henhold til artikel 21, stk. 1, i GDPR, skal der foretages en afvejning mellem dine og vores interesser. S\u00e5 l\u00e6nge det endnu ikke er afgjort, hvis interesser der g\u00e5r forud, har du ret til at anmode om begr\u00e6nsning af behandlingen af dine personoplysninger.  <\/li>\n<\/ul>\n<p>Hvis du har begr\u00e6nset behandlingen af dine personlige data, m\u00e5 disse data &#8211; bortset fra opbevaring &#8211; kun behandles med dit samtykke eller til etablering, ud\u00f8velse eller forsvar af juridiske krav eller til beskyttelse af en anden fysisk eller juridisk persons rettigheder eller af hensyn til vigtige offentlige interesser i Den Europ\u00e6iske Union eller i en medlemsstat.<\/p>\n<h3>SSL- eller TLS-kryptering<\/h3>\n<p>Dette websted bruger SSL- eller TLS-kryptering af sikkerhedsm\u00e6ssige \u00e5rsager og for at beskytte overf\u00f8rslen af fortroligt indhold, s\u00e5som ordrer eller foresp\u00f8rgsler, som du sender til os som webstedsoperat\u00f8r. Du kan genkende en krypteret forbindelse ved, at adresselinjen i browseren skifter fra &#8220;https:\/\/&#8221; til &#8220;https:\/\/&#8221; og ved l\u00e5sesymbolet i din browserlinje. <\/p>\n<p>Hvis SSL- eller TLS-kryptering er aktiveret, kan de data, du sender til os, ikke l\u00e6ses af tredjeparter.<\/p>\n<h3>Indsigelse mod reklame-e-mails<\/h3>\n<p>Vi g\u00f8r hermed indsigelse mod brugen af kontaktdata, der er offentliggjort som en del af vores forpligtelse til at give en juridisk meddelelse med henblik p\u00e5 at sende uopfordret reklame- og informationsmateriale. Operat\u00f8rerne af dette websted forbeholder sig udtrykkeligt retten til at tage juridiske skridt i tilf\u00e6lde af uopfordret afsendelse af reklameinformation, s\u00e5som spam-e-mails. <\/p>\n<h2>4. Dataindsamling p\u00e5 denne hjemmeside<\/h2>\n<h3>Serverens logfiler<\/h3>\n<p>Udbyderen af siderne indsamler og gemmer automatisk oplysninger i s\u00e5kaldte serverlogfiler, som din browser automatisk overf\u00f8rer til os. Disse er <\/p>\n<ul>\n<li>Browsertype og browserversion<\/li>\n<li>Anvendt operativsystem<\/li>\n<li>Henvisende URL<\/li>\n<li>V\u00e6rtsnavn p\u00e5 den computer, der f\u00e5r adgang<\/li>\n<li>Tidspunkt for serveranmodningen<\/li>\n<li>IP-adresse<\/li>\n<\/ul>\n<p>Disse data sl\u00e5s ikke sammen med andre datakilder.<\/p>\n<p>Disse data indsamles p\u00e5 grundlag af art. 6, stk. 1, litra f i GDPR. Webstedsoperat\u00f8ren har en legitim interesse i en teknisk fejlfri pr\u00e6sentation og optimering af sit websted &#8211; serverlogfilerne skal registreres til dette form\u00e5l.   <\/p>\n<h3>Kontaktformular<\/h3>\n<p>Hvis du sender os foresp\u00f8rgsler via kontaktformularen, gemmer vi dine oplysninger fra foresp\u00f8rgselsformularen, herunder de kontaktoplysninger, du angiver der, med henblik p\u00e5 at behandle foresp\u00f8rgslen og i tilf\u00e6lde af opf\u00f8lgende sp\u00f8rgsm\u00e5l. Vi videregiver ikke disse oplysninger uden dit samtykke. <\/p>\n<p>Disse data behandles p\u00e5 grundlag af art. 6, stk. 1, litra b, i GDPR, hvis din foresp\u00f8rgsel er relateret til opfyldelsen af en kontrakt eller er n\u00f8dvendig for gennemf\u00f8relsen af foranstaltninger forud for kontraktindg\u00e5elsen. I alle andre tilf\u00e6lde er behandlingen baseret p\u00e5 vores legitime interesse i en effektiv behandling af de henvendelser, der er rettet til os (art. 6, stk. 1, litra f i GDPR), eller p\u00e5 dit samtykke (art. 6, stk. 1, litra a i GDPR), hvis der er blevet anmodet om dette; samtykke kan til enhver tid tilbagekaldes.   <\/p>\n<p>Vi opbevarer de data, du angiver i kontaktformularen, indtil du beder om at f\u00e5 dem slettet, tilbagekalder dit samtykke til opbevaring, eller form\u00e5let med opbevaringen ikke l\u00e6ngere er relevant (f.eks. efter opfyldelse af din anmodning). Obligatoriske lovbestemmelser &#8211; is\u00e6r opbevaringsperioder &#8211; forbliver up\u00e5virket. <\/p>\n<h3>Foresp\u00f8rgsel via e-mail, telefon eller fax<\/h3>\n<p>Hvis du kontakter os via e-mail, telefon eller fax, vil din foresp\u00f8rgsel inklusive alle personlige data (navn, foresp\u00f8rgsel) blive gemt og behandlet af os med henblik p\u00e5 at behandle din anmodning. Vi videregiver ikke disse data uden dit samtykke. <\/p>\n<p>Disse data behandles p\u00e5 grundlag af art. 6, stk. 1, litra b, i GDPR, hvis din foresp\u00f8rgsel er relateret til opfyldelsen af en kontrakt eller er n\u00f8dvendig for gennemf\u00f8relsen af foranstaltninger forud for kontraktindg\u00e5elsen. I alle andre tilf\u00e6lde er behandlingen baseret p\u00e5 vores legitime interesse i en effektiv behandling af de henvendelser, der er rettet til os (art. 6, stk. 1, litra f i GDPR), eller p\u00e5 dit samtykke (art. 6, stk. 1, litra a i GDPR), hvis der er blevet anmodet om dette; samtykke kan til enhver tid tilbagekaldes.   <\/p>\n<p>De data, du sender til os via kontaktanmodninger, forbliver hos os, indtil du beder os om at slette dem, tilbagekalder dit samtykke til opbevaring, eller form\u00e5let med datalagring ikke l\u00e6ngere g\u00e6lder (f.eks. efter at din anmodning er blevet behandlet). Obligatoriske lovbestemmelser &#8211; is\u00e6r lovbestemte opbevaringsperioder &#8211; forbliver up\u00e5virket. <\/p>\n<h2>5. Plugins og v\u00e6rkt\u00f8jer<\/h2>\n<h3>Google Fonts (lokal hosting)<\/h3>\n<p>Dette websted bruger s\u00e5kaldte Google Fonts, som leveres af Google, til standardiseret visning af skrifttyper. Google-skrifttyperne er installeret lokalt. Der er ingen forbindelse til Googles servere.  <\/p>\n<p>Yderligere oplysninger om Google Fonts kan findes p\u00e5 <a href=\"https:\/\/developers.google.com\/fonts\/faq\" target=\"_blank\" rel=\"noopener noreferrer\">https:\/\/developers.google.com\/fonts\/faq<\/a> og i Googles privatlivspolitik: <a href=\"https:\/\/policies.google.com\/privacy?hl=de\" target=\"_blank\" rel=\"noopener noreferrer\">https:\/\/policies.google.com\/privacy?hl=de.<\/a><\/p>\n<h2>6. Udbydere af e-handel og betaling<\/h2>\n<h3>Behandling af kunde- og kontraktdata<\/h3>\n<p>Vi indsamler, behandler og bruger personlige kunde- og kontraktdata til at etablere, organisere indholdet af og \u00e6ndre vores kontraktforhold. Vi indsamler, behandler og bruger kun personoplysninger om brugen af dette websted (brugsdata), hvis det er n\u00f8dvendigt for at g\u00f8re det muligt for brugeren at bruge tjenesten eller for at fakturere brugeren. Retsgrundlaget for dette er art. 6 stk. 1 lit. b GDPR.    <\/p>\n<p>De indsamlede kundedata slettes efter afslutning af ordren eller afslutning af forretningsforholdet og udl\u00f8b af eventuelle eksisterende lovbestemte opbevaringsperioder. Lovbestemte opbevaringsperioder forbliver up\u00e5virkede. <\/p>\n<h2>7. Egne tjenester<\/h2>\n<h3>H\u00e5ndtering af ans\u00f8gerdata<\/h3>\n<p>Vi giver dig mulighed for at ans\u00f8ge hos os (f.eks. via e-mail, post eller online ans\u00f8gningsformular). I det f\u00f8lgende informerer vi dig om omfanget, form\u00e5let og brugen af dine personlige data, der indsamles som en del af ans\u00f8gningsprocessen. Vi forsikrer dig om, at dine data vil blive indsamlet, behandlet og brugt i overensstemmelse med g\u00e6ldende databeskyttelseslovgivning og alle andre lovm\u00e6ssige bestemmelser, og at dine data vil blive behandlet strengt fortroligt.  <\/p>\n<h4>Dataindsamlingens omfang og form\u00e5l<\/h4>\n<p>Hvis du sender os en ans\u00f8gning, behandler vi dine tilknyttede personoplysninger (f.eks. kontakt- og kommunikationsdata, ans\u00f8gningsdokumenter, notater under samtaler osv.), for s\u00e5 vidt som dette er n\u00f8dvendigt for beslutningen om etablering af et ans\u00e6ttelsesforhold. Retsgrundlaget for dette er \u00a7 26 BDSG i henhold til tysk lov (indledning af et ans\u00e6ttelsesforhold), art. 6, stk. 1, lit. b GDPR (generel kontraktindledning) og &#8211; hvis du har givet dit samtykke &#8211; art. 6, stk. 1, lit. a GDPR. Samtykket kan til enhver tid tilbagekaldes. Dine personlige data vil kun blive videregivet inden for vores virksomhed til personer, der er involveret i behandlingen af din ans\u00f8gning.       <\/p>\n<p>Hvis ans\u00f8gningen godkendes, gemmes de data, du har indsendt, i vores databehandlingssystemer p\u00e5 grundlag af \u00a7 26 BDSG og artikel 6, stk. 1, litra b, i GDPR med det form\u00e5l at gennemf\u00f8re ans\u00e6ttelsesforholdet.  <\/p>\n<h4>Periode for opbevaring af data<\/h4>\n<p>Hvis vi ikke kan give dig et jobtilbud, du afviser et jobtilbud eller tr\u00e6kker din ans\u00f8gning tilbage, forbeholder vi os ret til at opbevare de data, du har indsendt p\u00e5 grundlag af vores legitime interesser (artikel 6, stk. 1, litra f i GDPR) i op til 6 m\u00e5neder efter afslutningen af ans\u00f8gningsprocessen (afvisning eller tilbagetr\u00e6kning af ans\u00f8gningen). Derefter slettes dataene, og de fysiske ans\u00f8gningsdokumenter destrueres. Opbevaringen tjener is\u00e6r som bevis i tilf\u00e6lde af en juridisk tvist. Hvis det er tydeligt, at der er behov for oplysningerne efter udl\u00f8bet af 6-m\u00e5nedersperioden (f.eks. p\u00e5 grund af en forest\u00e5ende eller verserende retssag), slettes oplysningerne f\u00f8rst, n\u00e5r form\u00e5let med yderligere opbevaring ikke l\u00e6ngere er g\u00e6ldende.   <\/p>\n<p>Data kan ogs\u00e5 gemmes i l\u00e6ngere tid, hvis du har givet dit samtykke (art. 6, stk. 1, litra a i GDPR), eller hvis lovbestemte opbevaringsforpligtelser forhindrer sletning.<\/p>\n<h4>Inklusion i ans\u00f8gergruppen<\/h4>\n<p>Hvis vi ikke giver dig et jobtilbud, kan du f\u00e5 mulighed for at blive optaget i vores ans\u00f8gerpulje. Hvis du bliver accepteret, vil alle dokumenter og detaljer fra din ans\u00f8gning blive overf\u00f8rt til ans\u00f8gerpuljen, s\u00e5 du kan blive kontaktet i tilf\u00e6lde af passende ledige stillinger. <\/p>\n<p>Optagelse i ans\u00f8gerpuljen er udelukkende baseret p\u00e5 dit udtrykkelige samtykke (art. 6, stk. 1, litra a i GDPR). Det er frivilligt at give dit samtykke, og det er ikke relateret til den aktuelle ans\u00f8gningsproces.   <strong>Den registrerede kan til enhver tid tr\u00e6kke sit samtykke tilbage.<\/strong>  I dette tilf\u00e6lde slettes dataene uigenkaldeligt fra ans\u00f8gerpuljen, forudsat at der ikke er noget juridisk grundlag for opbevaring.<\/p>\n<p>Dataene fra ans\u00f8gerpuljen slettes uigenkaldeligt senest to \u00e5r efter, at der er givet samtykke.<\/p>\n<\/div><\/div><\/div><\/div><\/div>\n","protected":false},"excerpt":{"rendered":"","protected":false},"author":2,"featured_media":0,"parent":0,"menu_order":0,"comment_status":"closed","ping_status":"closed","template":"100-width.php","meta":{"footnotes":""},"class_list":["post-3349","page","type-page","status-publish","hentry"],"_links":{"self":[{"href":"https:\/\/terra-spedition.de\/da\/wp-json\/wp\/v2\/pages\/3349","targetHints":{"allow":["GET"]}}],"collection":[{"href":"https:\/\/terra-spedition.de\/da\/wp-json\/wp\/v2\/pages"}],"about":[{"href":"https:\/\/terra-spedition.de\/da\/wp-json\/wp\/v2\/types\/page"}],"author":[{"embeddable":true,"href":"https:\/\/terra-spedition.de\/da\/wp-json\/wp\/v2\/users\/2"}],"replies":[{"embeddable":true,"href":"https:\/\/terra-spedition.de\/da\/wp-json\/wp\/v2\/comments?post=3349"}],"version-history":[{"count":3,"href":"https:\/\/terra-spedition.de\/da\/wp-json\/wp\/v2\/pages\/3349\/revisions"}],"predecessor-version":[{"id":3354,"href":"https:\/\/terra-spedition.de\/da\/wp-json\/wp\/v2\/pages\/3349\/revisions\/3354"}],"wp:attachment":[{"href":"https:\/\/terra-spedition.de\/da\/wp-json\/wp\/v2\/media?parent=3349"}],"curies":[{"name":"wp","href":"https:\/\/api.w.org\/{rel}","templated":true}]}}